{"id":3250,"date":"2015-08-13T18:57:09","date_gmt":"2015-08-13T16:57:09","guid":{"rendered":"http:\/\/www.montservis.com\/?page_id=3250"},"modified":"2019-04-05T10:36:24","modified_gmt":"2019-04-05T08:36:24","slug":"sluzby","status":"publish","type":"page","link":"https:\/\/www.montservis.com\/sk\/sluzby\/","title":{"rendered":"Slu\u017eby"},"content":{"rendered":"<div id='av_section_1' class='avia-section main_color avia-section-no-padding avia-no-border-styling av-parallax-section av-section-color-overlay-active avia-bg-style-parallax  avia-builder-el-0  el_before_av_section  avia-builder-el-first   av-minimum-height av-minimum-height-75  container_wrap sidebar_right' style=' '  data-section-bg-repeat='no-repeat' data-av_minimum_height_pc='75'><div class='av-parallax' data-avia-parallax-ratio='0.3' ><div class='av-parallax-inner main_color  avia-full-stretch' style = 'background-repeat: no-repeat; background-image: url(https:\/\/www.montservis.com\/wp-content\/uploads\/2015\/08\/optical-wires-dark.jpg);background-attachment: scroll; background-position: center center; ' ><\/div><\/div><div class='av-section-color-overlay-wrap'><div class='av-section-color-overlay' style='opacity: 0.5; background-color: #005b90; '><\/div><a href='#next-section' title='' class='scroll-down-link '  aria-hidden='true' data-av_icon='\ue877' data-av_iconfont='entypo-fontello'><\/a><div class='container' ><main  class='template-page content  av-content-small alpha units'><div class='post-entry post-entry-type-page post-entry-3250'><div class='entry-content-wrapper clearfix'>\n<div style='text-align:left; color:#cadff3; font-size:50px; margin:0 0 0 0; ' class='av-rotator-container av-rotation-container-left   avia-builder-el-1  avia-builder-el-no-sibling ' data-interval='4' data-animation='1'><h1 class='av-rotator-container-inner '>SLU\u017dBY PRE TELEKOMUNIKA\u010cN\u00c9 SIETE<span class='av-rotator-text av-rotator-multiline-on '>\n<span style='color:#ffffff; ' class='av-rotator-text-single av-rotator-text-single-1'>V\u00ddSTAVBA SIET\u00cd<\/span>\n<span style='color:#ffffff; ' class='av-rotator-text-single av-rotator-text-single-2'>KOMPLEXN\u00c9 SIE\u0164OV\u00c9 TECHNOL\u00d3GIE<\/span>\n<span style='color:#ffffff; ' class='av-rotator-text-single av-rotator-text-single-3'>SERVIS SIET\u00cd<\/span>\n<span style='color:#ffffff; ' class='av-rotator-text-single av-rotator-text-single-4'>ELEKTROIN\u0160TAL\u00c1CIE<\/span>\n<\/span><\/h1><\/div>\n\n<\/div><\/div><\/main><!-- close content main element --><\/div><\/div><\/div><div id='sluzby-section1' class='avia-section main_color avia-section-default avia-no-border-styling avia-bg-style-scroll  avia-builder-el-2  el_after_av_section  el_before_av_section   container_wrap sidebar_right' style=' '  ><div class='container' ><div class='template-page content  av-content-small alpha units'><div class='post-entry post-entry-type-page post-entry-3250'><div class='entry-content-wrapper clearfix'>\n<div style='height:50px' class='hr hr-invisible   avia-builder-el-3  el_before_av_one_half  avia-builder-el-first '><span class='hr-inner ' ><span class='hr-inner-style'><\/span><\/span><\/div>\n<div class=\"flex_column av_one_half  flex_column_div first  avia-builder-el-4  el_after_av_hr  el_before_av_one_half  \" ><section class=\"av_textblock_section \" ><div class='avia_textblock  av_inherit_color '  style='color:#125f95; ' ><h1>SLU\u017dBY<\/h1>\n<\/div><\/section><br \/>\n<div style='height:20px' class='hr hr-invisible   avia-builder-el-6  el_after_av_textblock  el_before_av_textblock '><span class='hr-inner ' ><span class='hr-inner-style'><\/span><\/span><\/div><br \/>\n<section class=\"av_textblock_section \" ><div class='avia_textblock  av_inherit_color '  style='color:#125f95; ' ><p>Hodnota pre v\u00e1s\u00a0s\u00fa stabilne funguj\u00face siete, 24 hod\u00edn, 7 dn\u00ed v t\u00fd\u017edni.<\/p>\n<\/div><\/section><\/p><\/div><div class=\"flex_column av_one_half  flex_column_div av-zero-column-padding   avia-builder-el-8  el_after_av_one_half  avia-builder-el-last  \" style='border-radius:0px; '><\/div>\n\n<\/div><\/div><\/div><!-- close content main div --><\/div><\/div><div id='sluzby-section1' class='avia-section main_color avia-section-large avia-no-border-styling av-parallax-section avia-bg-style-parallax  avia-builder-el-10  el_after_av_section  el_before_av_section   container_wrap sidebar_right' style=' '  data-section-bg-repeat='no-repeat'><div class='av-parallax' data-avia-parallax-ratio='0.3' ><div class='av-parallax-inner main_color  avia-full-stretch' style = 'background-repeat: no-repeat; background-image: url(https:\/\/www.montservis.com\/wp-content\/uploads\/2015\/08\/fibres2.jpg);background-attachment: scroll; background-position: center center; ' ><\/div><\/div><div class='container' ><div class='template-page content  av-content-small alpha units'><div class='post-entry post-entry-type-page post-entry-3250'><div class='entry-content-wrapper clearfix'>\n<section class=\"av_textblock_section \" ><div class='avia_textblock  '  ><h2>V\u00ddSTAVBA TELEKOMUNIKA\u010cN\u00ddCH SIET\u00cd<\/h2>\n<\/div><\/section>\n<section class=\"av_textblock_section \" ><div class='avia_textblock  '  ><ul>\n<li>projekcia optick\u00fdch a metalick\u00fdch siet\u00ed<\/li>\n<li>v\u00fdstavba komplexn\u00fdch optick\u00fdch siet\u00ed FTTx<\/li>\n<li>v\u00fdstavba komplexn\u00fdch metalick\u00fdch sieti<\/li>\n<li>zabezpe\u010denie \u00fazemn\u00e9ho rozhodnutia<\/li>\n<li>v\u00fdkopov\u00e9 pr\u00e1ce<\/li>\n<li>budovanie NN pr\u00edpojok<\/li>\n<li>in\u017einierska \u010dinnos\u0165<\/li>\n<li>stavebn\u00fd a technicky dozor<\/li>\n<li>zafukovanie optick\u00e9ho vl\u00e1kna<\/li>\n<li>geodetick\u00e9 zameranie<\/li>\n<\/ul>\n<\/div><\/section>\n\n<\/div><\/div><\/div><!-- close content main div --><\/div><\/div><div id='sluzby-section1' class='avia-section main_color avia-section-large avia-no-border-styling av-parallax-section av-section-color-overlay-active avia-bg-style-parallax  avia-builder-el-13  el_after_av_section  el_before_av_section   container_wrap sidebar_right' style=' '  data-section-bg-repeat='no-repeat'><div class='av-parallax' data-avia-parallax-ratio='0.3' ><div class='av-parallax-inner main_color  avia-full-stretch' style = 'background-repeat: no-repeat; background-image: url(https:\/\/www.montservis.com\/wp-content\/uploads\/2015\/08\/switch1.jpg);background-attachment: scroll; background-position: center center; ' ><\/div><\/div><div class='av-section-color-overlay-wrap'><div class='av-section-color-overlay' style='opacity: 0.5; background-color: #005b90; '><\/div><div class='container' ><div class='template-page content  av-content-small alpha units'><div class='post-entry post-entry-type-page post-entry-3250'><div class='entry-content-wrapper clearfix'>\n<section class=\"av_textblock_section \" ><div class='avia_textblock  av_inherit_color '  style='color:#ffffff; ' ><h2>KOMPLEXN\u00c9 SLU\u017dBY PRE TELEKOMUNIKA\u010cN\u00c9 SIETE<\/h2>\n<\/div><\/section>\n<section class=\"av_textblock_section \" ><div class='avia_textblock  av_inherit_color '  style='color:#ffffff; ' ><ul>\n<li>komplexn\u00e9 merania optick\u00fdch, metalick\u00fdch siet\u00ed a\u00a0ich vyhodnocovanie<\/li>\n<li>upgrade technol\u00f3gi\u00ed<\/li>\n<li>mont\u00e1\u017ee technol\u00f3gi\u00ed FTTx<\/li>\n<li>prip\u00e1janie koncov\u00fdch z\u00e1kazn\u00edkov FTTx<\/li>\n<li>prip\u00e1janie developersk\u00fdch projektov<\/li>\n<li>prip\u00e1janie koncov\u00fdch z\u00e1kazn\u00edkov B2B<\/li>\n<li>prip\u00e1janie koncov\u00fdch z\u00e1kazn\u00edkov \u2013 Tripleplay \u2013 Internet\/VoIP\/DTV<\/li>\n<li>mont\u00e1\u017e technol\u00f3gi\u00ed do vonkaj\u0161ieho\/vn\u00fatorn\u00e9ho prostredia<\/li>\n<li>mont\u00e1\u017e vertik\u00e1lnych \/horizont\u00e1lnych st\u00fapac\u00edch veden\u00ed<\/li>\n<li>in\u0161tal\u00e1cia a servis multimedi\u00e1lnych slu\u017eieb LTE technol\u00f3giu<\/li>\n<\/ul>\n<\/div><\/section>\n\n<\/div><\/div><\/div><!-- close content main div --><\/div><\/div><\/div><div id='sluzby-section1' class='avia-section main_color avia-section-large avia-no-border-styling av-parallax-section av-section-color-overlay-active avia-bg-style-parallax  avia-builder-el-16  el_after_av_section  el_before_av_section   container_wrap sidebar_right' style=' '  data-section-bg-repeat='no-repeat'><div class='av-parallax' data-avia-parallax-ratio='0.3' ><div class='av-parallax-inner main_color  avia-full-stretch' style = 'background-repeat: no-repeat; background-image: url(https:\/\/www.montservis.com\/wp-content\/uploads\/2015\/08\/servis.jpg);background-attachment: scroll; background-position: center center; ' ><\/div><\/div><div class='av-section-color-overlay-wrap'><div class='av-section-color-overlay' style='opacity: 0.5; background-color: #ffffff; '><\/div><div class='container' ><div class='template-page content  av-content-small alpha units'><div class='post-entry post-entry-type-page post-entry-3250'><div class='entry-content-wrapper clearfix'>\n<section class=\"av_textblock_section \" ><div class='avia_textblock  '  ><h2>SERVIS TELEKOMUNIKA\u010cN\u00ddCH SIET\u00cd<\/h2>\n<\/div><\/section>\n<section class=\"av_textblock_section \" ><div class='avia_textblock  '  ><ul>\n<li>servis optick\u00fdch a metalick\u00fdch siet\u00ed<\/li>\n<li>servisn\u00e1 \u010dinnos\u0165 u z\u00e1kazn\u00edka<\/li>\n<li>servisn\u00e9 pr\u00e1ce pod\u013ea po\u017eiadaviek investora<\/li>\n<\/ul>\n<\/div><\/section>\n\n<\/div><\/div><\/div><!-- close content main div --><\/div><\/div><\/div><div id='av_section_6' class='avia-section main_color avia-section-large avia-no-shadow avia-bg-style-scroll  avia-builder-el-19  el_after_av_section  avia-builder-el-last   container_wrap sidebar_right' style='background-color: #005b90;  '  ><div class='container' ><div class='template-page content  av-content-small alpha units'><div class='post-entry post-entry-type-page post-entry-3250'><div class='entry-content-wrapper clearfix'>\n<div class=\"flex_column av_one_third  flex_column_div first  avia-builder-el-20  el_before_av_one_third  avia-builder-el-first  \" ><article class=\"iconbox iconbox_top av-no-box   avia-builder-el-21  avia-builder-el-no-sibling  \" ><div class=\"iconbox_content\"><header class=\"entry-content-header\"><a href='https:\/\/www.montservis.com\/sk\/certifikaty\/' title='CERTIFIKOVAN\u00c1 KVALITA'  class=\"iconbox_icon heading-color \" aria-hidden='true' data-av_icon='\ue829' data-av_iconfont='entypo-fontello'  style='background-color:#2976a6; border:1px solid #2976a6; color:#afc3db; ' ><\/a><h3 class='iconbox_content_title  '   style='color:#ffffff; '><a href='https:\/\/www.montservis.com\/sk\/certifikaty\/' title='CERTIFIKOVAN\u00c1 KVALITA' >CERTIFIKOVAN\u00c1 KVALITA<\/a><\/h3><\/header><div class='iconbox_content_container av_inherit_color '   style='color:#ffffff; '><p>Od roku 2006 spolo\u010dnos\u0165 zaviedla syst\u00e9m kvality pod\u013ea ISO 9001:2008 pre neust\u00e1le zvy\u0161ovanie kvality poskytovan\u00fdch slu\u017eieb.<\/p>\n<\/div><\/div><footer class=\"entry-footer\"><\/footer><\/article><\/div><div class=\"flex_column av_one_third  flex_column_div av-zero-column-padding   avia-builder-el-22  el_after_av_one_third  el_before_av_one_third  \" style='border-radius:0px; '><article class=\"iconbox iconbox_top av-no-box   avia-builder-el-23  avia-builder-el-no-sibling  \" ><div class=\"iconbox_content\"><header class=\"entry-content-header\"><a href='https:\/\/www.montservis.com\/sk\/o-firme\/' title='STABILITA'  class=\"iconbox_icon heading-color \" aria-hidden='true' data-av_icon='\ue8a8' data-av_iconfont='entypo-fontello'  style='background-color:#2976a6; border:1px solid #2976a6; color:#afc3db; ' ><\/a><h3 class='iconbox_content_title  '   style='color:#ffffff; '><a href='https:\/\/www.montservis.com\/sk\/o-firme\/' title='STABILITA' >STABILITA<\/a><\/h3><\/header><div class='iconbox_content_container av_inherit_color '   style='color:#ffffff; '><p>26 rokov na trhu.<\/p>\n<p>Stabiln\u00fd a vysokokvalifikovan\u00fd person\u00e1l.<\/p>\n<\/div><\/div><footer class=\"entry-footer\"><\/footer><\/article><\/div><div class=\"flex_column av_one_third  flex_column_div av-zero-column-padding   avia-builder-el-24  el_after_av_one_third  avia-builder-el-last  \" style='border-radius:0px; '><article class=\"iconbox iconbox_top av-no-box   avia-builder-el-25  avia-builder-el-no-sibling  \" ><div class=\"iconbox_content\"><header class=\"entry-content-header\"><a href='https:\/\/www.montservis.com\/sk\/referencie\/' title='REFERENCIE'  class=\"iconbox_icon heading-color \" aria-hidden='true' data-av_icon='\ue8ad' data-av_iconfont='entypo-fontello'  style='background-color:#2976a6; border:1px solid #2976a6; color:#afc3db; ' ><\/a><h3 class='iconbox_content_title  '   style='color:#ffffff; '><a href='https:\/\/www.montservis.com\/sk\/referencie\/' title='REFERENCIE' >REFERENCIE<\/a><\/h3><\/header><div class='iconbox_content_container av_inherit_color '   style='color:#ffffff; '><p>Stovky projektov pre najv\u00e4\u010d\u0161\u00edch investorov a zad\u00e1vate\u013eov v oblasti telekomunik\u00e1ci\u00ed na Slovensku.<\/p>\n<\/div><\/div><footer class=\"entry-footer\"><\/footer><\/article><\/div><\/div><\/div><\/div><!-- close content main div --><\/div><\/div><div id='after_section_6' class='main_color av_default_container_wrap container_wrap sidebar_right' style=' '  ><div class='container' ><div class='template-page content  av-content-small alpha units'><div class='post-entry post-entry-type-page post-entry-3250'><div class='entry-content-wrapper clearfix'>\n","protected":false},"excerpt":{"rendered":"","protected":false},"author":1,"featured_media":0,"parent":0,"menu_order":0,"comment_status":"open","ping_status":"open","template":"","meta":{"footnotes":""},"class_list":["post-3250","page","type-page","status-publish","hentry"],"yoast_head":"<!-- This site is optimized with the Yoast SEO plugin v26.0 - https:\/\/yoast.com\/wordpress\/plugins\/seo\/ -->\n<title>Slu\u017eby - MONT-SERVIS<\/title>\n<meta name=\"robots\" content=\"index, follow, max-snippet:-1, max-image-preview:large, max-video-preview:-1\" \/>\n<link rel=\"canonical\" href=\"https:\/\/www.montservis.com\/sk\/sluzby\/\" \/>\n<meta property=\"og:locale\" content=\"sk_SK\" \/>\n<meta property=\"og:type\" content=\"article\" \/>\n<meta property=\"og:title\" content=\"Slu\u017eby - MONT-SERVIS\" \/>\n<meta property=\"og:url\" content=\"https:\/\/www.montservis.com\/sk\/sluzby\/\" \/>\n<meta property=\"og:site_name\" content=\"MONT-SERVIS\" \/>\n<meta property=\"article:modified_time\" content=\"2019-04-05T08:36:24+00:00\" \/>\n<meta property=\"og:image\" content=\"https:\/\/www.montservis.com\/wp-content\/uploads\/2019\/02\/montservis-og.jpg\" \/>\n\t<meta property=\"og:image:width\" content=\"1200\" \/>\n\t<meta property=\"og:image:height\" content=\"620\" \/>\n\t<meta property=\"og:image:type\" content=\"image\/jpeg\" \/>\n<meta name=\"twitter:label1\" content=\"Predpokladan\u00fd \u010das \u010d\u00edtania\" \/>\n\t<meta name=\"twitter:data1\" content=\"8 min\u00fat\" \/>\n<script type=\"application\/ld+json\" class=\"yoast-schema-graph\">{\"@context\":\"https:\/\/schema.org\",\"@graph\":[{\"@type\":\"WebPage\",\"@id\":\"https:\/\/www.montservis.com\/sk\/sluzby\/\",\"url\":\"https:\/\/www.montservis.com\/sk\/sluzby\/\",\"name\":\"Slu\u017eby - MONT-SERVIS\",\"isPartOf\":{\"@id\":\"https:\/\/www.montservis.com\/#website\"},\"datePublished\":\"2015-08-13T16:57:09+00:00\",\"dateModified\":\"2019-04-05T08:36:24+00:00\",\"breadcrumb\":{\"@id\":\"https:\/\/www.montservis.com\/sk\/sluzby\/#breadcrumb\"},\"inLanguage\":\"sk-SK\",\"potentialAction\":[{\"@type\":\"ReadAction\",\"target\":[\"https:\/\/www.montservis.com\/sk\/sluzby\/\"]}]},{\"@type\":\"BreadcrumbList\",\"@id\":\"https:\/\/www.montservis.com\/sk\/sluzby\/#breadcrumb\",\"itemListElement\":[{\"@type\":\"ListItem\",\"position\":1,\"name\":\"Home\",\"item\":\"https:\/\/www.montservis.com\/sk\/\"},{\"@type\":\"ListItem\",\"position\":2,\"name\":\"Slu\u017eby\"}]},{\"@type\":\"WebSite\",\"@id\":\"https:\/\/www.montservis.com\/#website\",\"url\":\"https:\/\/www.montservis.com\/\",\"name\":\"MONT-SERVIS\",\"description\":\"Yes, it&#039;s all right!\",\"potentialAction\":[{\"@type\":\"SearchAction\",\"target\":{\"@type\":\"EntryPoint\",\"urlTemplate\":\"https:\/\/www.montservis.com\/?s={search_term_string}\"},\"query-input\":{\"@type\":\"PropertyValueSpecification\",\"valueRequired\":true,\"valueName\":\"search_term_string\"}}],\"inLanguage\":\"sk-SK\"}]}<\/script>\n<!-- \/ Yoast SEO plugin. -->","yoast_head_json":{"title":"Slu\u017eby - MONT-SERVIS","robots":{"index":"index","follow":"follow","max-snippet":"max-snippet:-1","max-image-preview":"max-image-preview:large","max-video-preview":"max-video-preview:-1"},"canonical":"https:\/\/www.montservis.com\/sk\/sluzby\/","og_locale":"sk_SK","og_type":"article","og_title":"Slu\u017eby - MONT-SERVIS","og_url":"https:\/\/www.montservis.com\/sk\/sluzby\/","og_site_name":"MONT-SERVIS","article_modified_time":"2019-04-05T08:36:24+00:00","og_image":[{"width":1200,"height":620,"url":"https:\/\/www.montservis.com\/wp-content\/uploads\/2019\/02\/montservis-og.jpg","type":"image\/jpeg"}],"twitter_misc":{"Predpokladan\u00fd \u010das \u010d\u00edtania":"8 min\u00fat"},"schema":{"@context":"https:\/\/schema.org","@graph":[{"@type":"WebPage","@id":"https:\/\/www.montservis.com\/sk\/sluzby\/","url":"https:\/\/www.montservis.com\/sk\/sluzby\/","name":"Slu\u017eby - MONT-SERVIS","isPartOf":{"@id":"https:\/\/www.montservis.com\/#website"},"datePublished":"2015-08-13T16:57:09+00:00","dateModified":"2019-04-05T08:36:24+00:00","breadcrumb":{"@id":"https:\/\/www.montservis.com\/sk\/sluzby\/#breadcrumb"},"inLanguage":"sk-SK","potentialAction":[{"@type":"ReadAction","target":["https:\/\/www.montservis.com\/sk\/sluzby\/"]}]},{"@type":"BreadcrumbList","@id":"https:\/\/www.montservis.com\/sk\/sluzby\/#breadcrumb","itemListElement":[{"@type":"ListItem","position":1,"name":"Home","item":"https:\/\/www.montservis.com\/sk\/"},{"@type":"ListItem","position":2,"name":"Slu\u017eby"}]},{"@type":"WebSite","@id":"https:\/\/www.montservis.com\/#website","url":"https:\/\/www.montservis.com\/","name":"MONT-SERVIS","description":"Yes, it&#039;s all right!","potentialAction":[{"@type":"SearchAction","target":{"@type":"EntryPoint","urlTemplate":"https:\/\/www.montservis.com\/?s={search_term_string}"},"query-input":{"@type":"PropertyValueSpecification","valueRequired":true,"valueName":"search_term_string"}}],"inLanguage":"sk-SK"}]}},"_links":{"self":[{"href":"https:\/\/www.montservis.com\/sk\/wp-json\/wp\/v2\/pages\/3250","targetHints":{"allow":["GET"]}}],"collection":[{"href":"https:\/\/www.montservis.com\/sk\/wp-json\/wp\/v2\/pages"}],"about":[{"href":"https:\/\/www.montservis.com\/sk\/wp-json\/wp\/v2\/types\/page"}],"author":[{"embeddable":true,"href":"https:\/\/www.montservis.com\/sk\/wp-json\/wp\/v2\/users\/1"}],"replies":[{"embeddable":true,"href":"https:\/\/www.montservis.com\/sk\/wp-json\/wp\/v2\/comments?post=3250"}],"version-history":[{"count":63,"href":"https:\/\/www.montservis.com\/sk\/wp-json\/wp\/v2\/pages\/3250\/revisions"}],"predecessor-version":[{"id":3654,"href":"https:\/\/www.montservis.com\/sk\/wp-json\/wp\/v2\/pages\/3250\/revisions\/3654"}],"wp:attachment":[{"href":"https:\/\/www.montservis.com\/sk\/wp-json\/wp\/v2\/media?parent=3250"}],"curies":[{"name":"wp","href":"https:\/\/api.w.org\/{rel}","templated":true}]}}