{"id":3252,"date":"2015-08-13T18:57:25","date_gmt":"2015-08-13T16:57:25","guid":{"rendered":"http:\/\/www.montservis.com\/?page_id=3252"},"modified":"2019-04-05T11:09:49","modified_gmt":"2019-04-05T09:09:49","slug":"referencie","status":"publish","type":"page","link":"https:\/\/www.montservis.com\/sk\/referencie\/","title":{"rendered":"Referencie"},"content":{"rendered":"<div id='referencie-mapa' class='avia-section main_color avia-section-no-padding avia-no-border-styling avia-bg-style-scroll  avia-builder-el-0  el_before_av_section  avia-builder-el-first   container_wrap sidebar_right' style=' '  ><div class='container' ><main  class='template-page content  av-content-small alpha units'><div class='post-entry post-entry-type-page post-entry-3252'><div class='entry-content-wrapper clearfix'>\n\n\n<\/div><\/div><\/main><!-- close content main element --><\/div><\/div><div id='sluzby-section1' class='avia-section main_color avia-section-large avia-no-border-styling avia-bg-style-scroll  avia-builder-el-2  el_after_av_section  el_before_av_section   container_wrap sidebar_right' style=' '  ><div class='container' ><div class='template-page content  av-content-small alpha units'><div class='post-entry post-entry-type-page post-entry-3252'><div class='entry-content-wrapper clearfix'>\n<section class=\"av_textblock_section \" ><div class='avia_textblock  '  ><h1>REFERENCIE<\/h1>\n<\/div><\/section>\n<div style='height:50px' class='hr hr-invisible   avia-builder-el-4  el_after_av_textblock  el_before_av_one_fourth '><span class='hr-inner ' ><span class='hr-inner-style'><\/span><\/span><\/div>\n<div class=\"flex_column av_one_fourth  flex_column_div av-zero-column-padding first  avia-builder-el-5  el_after_av_hr  el_before_av_one_fourth  \" style='border-radius:0px; '><div class=\"avia-animated-number av-force-default-color  avia-color-font-custom  avia-builder-el-6  avia-builder-el-no-sibling  avia_animate_when_visible\" style='color:#1e97d4;' data-timer=\"3000\"><strong class=\"heading avia-animated-number-title\" ><span class='avia-animated-number-icon av-icon-before-number av-icon-char' aria-hidden='true' data-av_icon='\ue8da' data-av_iconfont='entypo-fontello'><\/span><span class=\"avia-single-number __av-single-number\" data-number_format=\"\" data-number=\"12\">12<\/span><span class=\"avia-no-number\"> <\/span><span class=\"avia-single-number __av-single-number\" data-number_format=\"\" data-number=\"000\">000<\/span><span class=\"avia-no-number\"> km<\/span><\/strong><div class='avia-animated-number-content' ><p>natiahnut\u00fdch domov\u00fdch k\u00e1blov<\/p>\n<\/div><\/div><\/div><div class=\"flex_column av_one_fourth  flex_column_div av-zero-column-padding   avia-builder-el-7  el_after_av_one_fourth  el_before_av_one_fourth  \" style='border-radius:0px; '><div class=\"avia-animated-number av-force-default-color  avia-color-font-custom  avia-builder-el-8  avia-builder-el-no-sibling  avia_animate_when_visible\" style='color:#dd5341;' data-timer=\"3000\"><strong class=\"heading avia-animated-number-title\" ><span class='avia-animated-number-icon av-icon-before-number av-icon-char' aria-hidden='true' data-av_icon='\ue8df' data-av_iconfont='entypo-fontello'><\/span><span class=\"avia-single-number __av-single-number\" data-number_format=\"\" data-number=\"350\">350<\/span><span class=\"avia-no-number\"> km<\/span><\/strong><div class='avia-animated-number-content' ><p>v\u00fdkopov<\/p>\n<\/div><\/div><\/div><div class=\"flex_column av_one_fourth  flex_column_div av-zero-column-padding   avia-builder-el-9  el_after_av_one_fourth  el_before_av_one_fourth  \" style='border-radius:0px; '><div class=\"avia-animated-number av-force-default-color  avia-color-font-custom  avia-builder-el-10  avia-builder-el-no-sibling  avia_animate_when_visible\" style='color:#f78f2b;' data-timer=\"3000\"><strong class=\"heading avia-animated-number-title\" ><span class='avia-animated-number-icon av-icon-before-number av-icon-char' aria-hidden='true' data-av_icon='\ue8ad' data-av_iconfont='entypo-fontello'><\/span><span class=\"avia-single-number __av-single-number\" data-number_format=\"\" data-number=\"850\">850<\/span><span class=\"avia-no-number\"> km<\/span><\/strong><div class='avia-animated-number-content' ><p>v zemi polo\u017een\u00fdch k\u00e1blov<\/p>\n<\/div><\/div><\/div><div class=\"flex_column av_one_fourth  flex_column_div av-zero-column-padding   avia-builder-el-11  el_after_av_one_fourth  avia-builder-el-last  \" style='border-radius:0px; '><div class=\"avia-animated-number av-force-default-color  avia-color-font-custom  avia-builder-el-12  avia-builder-el-no-sibling  avia_animate_when_visible\" style='color:#83ad48;' data-timer=\"3000\"><strong class=\"heading avia-animated-number-title\" ><span class='avia-animated-number-icon av-icon-before-number av-icon-char' aria-hidden='true' data-av_icon='\ue80c' data-av_iconfont='entypo-fontello'><\/span><span class=\"avia-single-number __av-single-number\" data-number_format=\"\" data-number=\"350\">350<\/span><span class=\"avia-no-number\"> <\/span><span class=\"avia-single-number __av-single-number\" data-number_format=\"\" data-number=\"000\">000<\/span><\/strong><div class='avia-animated-number-content' ><p>pripojen\u00fdch koncov\u00fdch z\u00e1kazn\u00edkov<\/p>\n<\/div><\/div><\/div>\n\n<\/div><\/div><\/div><!-- close content main div --><\/div><\/div><div id='sluzby-section1' class='avia-section main_color avia-section-large avia-no-border-styling avia-bg-style-scroll  avia-builder-el-13  el_after_av_section  el_before_av_section   container_wrap sidebar_right' style='background-color: #DCE2E7;  '  ><div class='container' ><div class='template-page content  av-content-small alpha units'><div class='post-entry post-entry-type-page post-entry-3252'><div class='entry-content-wrapper clearfix'>\n<section class=\"av_textblock_section \" ><div class='avia_textblock  '  ><h2>NAJV\u00ddZNAMNEJ\u0160\u00cd INVESTORI \/ ZAD\u00c1VATELIA \/ Z\u00c1KAZN\u00cdCI<\/h2>\n<\/div><\/section>\n<div class='avia-icon-list-container   avia-builder-el-15  el_after_av_textblock  el_before_av_textblock '><ul class='avia-icon-list avia-icon-list-left av-iconlist-big avia_animate_when_almost_visible avia-iconlist-animate'>\n<li><div  style='background-color:#dce2e7; border:1px solid #dce2e7; color:#005b90; ' class='iconlist_icon  avia-font-entypo-fontello'><span class='iconlist-char ' aria-hidden='true' data-av_icon='\ue8bd' data-av_iconfont='entypo-fontello'><\/span><\/div><article class=\"article-icon-entry av-iconlist-empty\" ><div class='iconlist_content_wrap'><header class=\"entry-content-header\"><h4 class='av_iconlist_title iconlist_title  '  >UPC Bratislava 1993 - 2019<\/h4><\/header><div class='iconlist_content  '  ><\/div><\/div><footer class=\"entry-footer\"><\/footer><\/article><div class='iconlist-timeline'><\/div><\/li>\n<li><div  style='background-color:#dce2e7; border:1px solid #dce2e7; color:#005b90; ' class='iconlist_icon  avia-font-entypo-fontello'><span class='iconlist-char ' aria-hidden='true' data-av_icon='\ue8bd' data-av_iconfont='entypo-fontello'><\/span><\/div><article class=\"article-icon-entry av-iconlist-empty\" ><div class='iconlist_content_wrap'><header class=\"entry-content-header\"><h4 class='av_iconlist_title iconlist_title  '  >Orange 2007 - 2019<\/h4><\/header><div class='iconlist_content  '  ><\/div><\/div><footer class=\"entry-footer\"><\/footer><\/article><div class='iconlist-timeline'><\/div><\/li>\n<li><div  style='background-color:#dce2e7; border:1px solid #dce2e7; color:#005b90; ' class='iconlist_icon  avia-font-entypo-fontello'><span class='iconlist-char ' aria-hidden='true' data-av_icon='\ue8bd' data-av_iconfont='entypo-fontello'><\/span><\/div><article class=\"article-icon-entry av-iconlist-empty\" ><div class='iconlist_content_wrap'><header class=\"entry-content-header\"><h4 class='av_iconlist_title iconlist_title  '  >Siemens 1999 - 2002<\/h4><\/header><div class='iconlist_content  '  ><\/div><\/div><footer class=\"entry-footer\"><\/footer><\/article><div class='iconlist-timeline'><\/div><\/li>\n<li><div  style='background-color:#dce2e7; border:1px solid #dce2e7; color:#005b90; ' class='iconlist_icon  avia-font-entypo-fontello'><span class='iconlist-char ' aria-hidden='true' data-av_icon='\ue8bd' data-av_iconfont='entypo-fontello'><\/span><\/div><article class=\"article-icon-entry av-iconlist-empty\" ><div class='iconlist_content_wrap'><header class=\"entry-content-header\"><h4 class='av_iconlist_title iconlist_title  '  >SKT Bratislava 1993 - 1999<\/h4><\/header><div class='iconlist_content  '  ><\/div><\/div><footer class=\"entry-footer\"><\/footer><\/article><div class='iconlist-timeline'><\/div><\/li>\n<li><div  style='background-color:#dce2e7; border:1px solid #dce2e7; color:#005b90; ' class='iconlist_icon  avia-font-entypo-fontello'><span class='iconlist-char ' aria-hidden='true' data-av_icon='\ue8bd' data-av_iconfont='entypo-fontello'><\/span><\/div><article class=\"article-icon-entry av-iconlist-empty\" ><div class='iconlist_content_wrap'><header class=\"entry-content-header\"><h4 class='av_iconlist_title iconlist_title  '  >Telemont 2001 - 2002<\/h4><\/header><div class='iconlist_content  '  ><\/div><\/div><footer class=\"entry-footer\"><\/footer><\/article><div class='iconlist-timeline'><\/div><\/li>\n<li><div  style='background-color:#dce2e7; border:1px solid #dce2e7; color:#005b90; ' class='iconlist_icon  avia-font-entypo-fontello'><span class='iconlist-char ' aria-hidden='true' data-av_icon='\ue8bd' data-av_iconfont='entypo-fontello'><\/span><\/div><article class=\"article-icon-entry av-iconlist-empty\" ><div class='iconlist_content_wrap'><header class=\"entry-content-header\"><h4 class='av_iconlist_title iconlist_title  '  >SBD Bratislava 1993 - 2015<\/h4><\/header><div class='iconlist_content  '  ><\/div><\/div><footer class=\"entry-footer\"><\/footer><\/article><div class='iconlist-timeline'><\/div><\/li>\n<\/ul><\/div>\n<section class=\"av_textblock_section \" ><div class='avia_textblock  '  ><p>&#8230; a desiatky \u010fal\u0161\u00edch\u00a0zad\u00e1vate\u013eov\u00a0men\u0161\u00edch investi\u010dn\u00fdch celkov.<\/p>\n<\/div><\/section>\n<\/div><\/div><\/div><!-- close content main div --><\/div><\/div><div id='av_section_4' class='avia-section main_color avia-section-large avia-no-shadow avia-bg-style-scroll  avia-builder-el-17  el_after_av_section  avia-builder-el-last   container_wrap sidebar_right' style='background-color: #005b90;  '  ><div class='container' ><div class='template-page content  av-content-small alpha units'><div class='post-entry post-entry-type-page post-entry-3252'><div class='entry-content-wrapper clearfix'>\n<div class=\"flex_column av_one_third  flex_column_div av-zero-column-padding first  avia-builder-el-18  el_before_av_one_third  avia-builder-el-first  \" style='border-radius:0px; '><article class=\"iconbox iconbox_top av-no-box   avia-builder-el-19  avia-builder-el-no-sibling  \" ><div class=\"iconbox_content\"><header class=\"entry-content-header\"><a href='https:\/\/www.montservis.com\/sk\/sluzby\/' title='KOMPLEXN\u00c9 SLU\u017dBY'  class=\"iconbox_icon heading-color \" aria-hidden='true' data-av_icon='\ue856' data-av_iconfont='entypo-fontello'  style='background-color:#2976a6; border:1px solid #2976a6; color:#afc3db; ' ><\/a><h3 class='iconbox_content_title  '   style='color:#ffffff; '><a href='https:\/\/www.montservis.com\/sk\/sluzby\/' title='KOMPLEXN\u00c9 SLU\u017dBY' >KOMPLEXN\u00c9 SLU\u017dBY<\/a><\/h3><\/header><div class='iconbox_content_container av_inherit_color '   style='color:#ffffff; '><p>V\u00fdstavba telekomunika\u010dn\u00fdch siet\u00ed, sie\u0165ov\u00e9 technol\u00f3gie aj servis na \u0161pi\u010dkovej \u00farovni. V\u0161etko pre stabiln\u00e9 fungovanie va\u0161ich telekomunika\u010dn\u00fdch slu\u017eieb.<\/p>\n<\/div><\/div><footer class=\"entry-footer\"><\/footer><\/article><\/div><div class=\"flex_column av_one_third  flex_column_div av-zero-column-padding   avia-builder-el-20  el_after_av_one_third  el_before_av_one_third  \" style='border-radius:0px; '><article class=\"iconbox iconbox_top av-no-box   avia-builder-el-21  avia-builder-el-no-sibling  \" ><div class=\"iconbox_content\"><header class=\"entry-content-header\"><a href='https:\/\/www.montservis.com\/sk\/certifikaty\/' title='CERTIFIKOVAN\u00c1 KVALITA'  class=\"iconbox_icon heading-color \" aria-hidden='true' data-av_icon='\ue829' data-av_iconfont='entypo-fontello'  style='background-color:#2976a6; border:1px solid #2976a6; color:#afc3db; ' ><\/a><h3 class='iconbox_content_title  '   style='color:#ffffff; '><a href='https:\/\/www.montservis.com\/sk\/certifikaty\/' title='CERTIFIKOVAN\u00c1 KVALITA' >CERTIFIKOVAN\u00c1 KVALITA<\/a><\/h3><\/header><div class='iconbox_content_container av_inherit_color '   style='color:#ffffff; '><p>Od roku 2006 spolo\u010dnos\u0165 zaviedla syst\u00e9m kvality pod\u013ea ISO 9001:2008 pre neust\u00e1le zvy\u0161ovanie kvality poskytovan\u00fdch slu\u017eieb.<\/p>\n<\/div><\/div><footer class=\"entry-footer\"><\/footer><\/article><\/div><div class=\"flex_column av_one_third  flex_column_div av-zero-column-padding   avia-builder-el-22  el_after_av_one_third  avia-builder-el-last  \" style='border-radius:0px; '><article class=\"iconbox iconbox_top av-no-box   avia-builder-el-23  avia-builder-el-no-sibling  \" ><div class=\"iconbox_content\"><header class=\"entry-content-header\"><a href='https:\/\/www.montservis.com\/sk\/o-firme\/' title='STABILITA'  class=\"iconbox_icon heading-color \" aria-hidden='true' data-av_icon='\ue8a8' data-av_iconfont='entypo-fontello'  style='background-color:#2976a6; border:1px solid #2976a6; color:#afc3db; ' ><\/a><h3 class='iconbox_content_title  '   style='color:#ffffff; '><a href='https:\/\/www.montservis.com\/sk\/o-firme\/' title='STABILITA' >STABILITA<\/a><\/h3><\/header><div class='iconbox_content_container av_inherit_color '   style='color:#ffffff; '><p>26 rokov na trhu.<\/p>\n<p>Stabiln\u00fd a vysokokvalifikovan\u00fd person\u00e1l.<\/p>\n<\/div><\/div><footer class=\"entry-footer\"><\/footer><\/article><\/div>\n<\/div><\/div><\/div><!-- close content main div --><\/div><\/div><div id='after_section_4' class='main_color av_default_container_wrap container_wrap sidebar_right' style=' '  ><div class='container' ><div class='template-page content  av-content-small alpha units'><div class='post-entry post-entry-type-page post-entry-3252'><div class='entry-content-wrapper clearfix'><\/p>\n","protected":false},"excerpt":{"rendered":"","protected":false},"author":1,"featured_media":0,"parent":0,"menu_order":0,"comment_status":"open","ping_status":"open","template":"","meta":{"footnotes":""},"class_list":["post-3252","page","type-page","status-publish","hentry"],"yoast_head":"<!-- This site is optimized with the Yoast SEO plugin v26.0 - https:\/\/yoast.com\/wordpress\/plugins\/seo\/ -->\n<title>Referencie - MONT-SERVIS<\/title>\n<meta name=\"robots\" content=\"index, follow, max-snippet:-1, max-image-preview:large, max-video-preview:-1\" \/>\n<link rel=\"canonical\" href=\"https:\/\/www.montservis.com\/sk\/referencie\/\" \/>\n<meta property=\"og:locale\" content=\"sk_SK\" \/>\n<meta property=\"og:type\" content=\"article\" \/>\n<meta property=\"og:title\" content=\"Referencie - MONT-SERVIS\" \/>\n<meta property=\"og:url\" content=\"https:\/\/www.montservis.com\/sk\/referencie\/\" \/>\n<meta property=\"og:site_name\" content=\"MONT-SERVIS\" \/>\n<meta property=\"article:modified_time\" content=\"2019-04-05T09:09:49+00:00\" \/>\n<meta property=\"og:image\" content=\"https:\/\/www.montservis.com\/wp-content\/uploads\/2019\/02\/montservis-og.jpg\" \/>\n\t<meta property=\"og:image:width\" content=\"1200\" \/>\n\t<meta property=\"og:image:height\" content=\"620\" \/>\n\t<meta property=\"og:image:type\" content=\"image\/jpeg\" \/>\n<meta name=\"twitter:label1\" content=\"Predpokladan\u00fd \u010das \u010d\u00edtania\" \/>\n\t<meta name=\"twitter:data1\" content=\"8 min\u00fat\" \/>\n<script type=\"application\/ld+json\" class=\"yoast-schema-graph\">{\"@context\":\"https:\/\/schema.org\",\"@graph\":[{\"@type\":\"WebPage\",\"@id\":\"https:\/\/www.montservis.com\/sk\/referencie\/\",\"url\":\"https:\/\/www.montservis.com\/sk\/referencie\/\",\"name\":\"Referencie - MONT-SERVIS\",\"isPartOf\":{\"@id\":\"https:\/\/www.montservis.com\/#website\"},\"datePublished\":\"2015-08-13T16:57:25+00:00\",\"dateModified\":\"2019-04-05T09:09:49+00:00\",\"breadcrumb\":{\"@id\":\"https:\/\/www.montservis.com\/sk\/referencie\/#breadcrumb\"},\"inLanguage\":\"sk-SK\",\"potentialAction\":[{\"@type\":\"ReadAction\",\"target\":[\"https:\/\/www.montservis.com\/sk\/referencie\/\"]}]},{\"@type\":\"BreadcrumbList\",\"@id\":\"https:\/\/www.montservis.com\/sk\/referencie\/#breadcrumb\",\"itemListElement\":[{\"@type\":\"ListItem\",\"position\":1,\"name\":\"Home\",\"item\":\"https:\/\/www.montservis.com\/sk\/\"},{\"@type\":\"ListItem\",\"position\":2,\"name\":\"Referencie\"}]},{\"@type\":\"WebSite\",\"@id\":\"https:\/\/www.montservis.com\/#website\",\"url\":\"https:\/\/www.montservis.com\/\",\"name\":\"MONT-SERVIS\",\"description\":\"Yes, it&#039;s all right!\",\"potentialAction\":[{\"@type\":\"SearchAction\",\"target\":{\"@type\":\"EntryPoint\",\"urlTemplate\":\"https:\/\/www.montservis.com\/?s={search_term_string}\"},\"query-input\":{\"@type\":\"PropertyValueSpecification\",\"valueRequired\":true,\"valueName\":\"search_term_string\"}}],\"inLanguage\":\"sk-SK\"}]}<\/script>\n<!-- \/ Yoast SEO plugin. -->","yoast_head_json":{"title":"Referencie - MONT-SERVIS","robots":{"index":"index","follow":"follow","max-snippet":"max-snippet:-1","max-image-preview":"max-image-preview:large","max-video-preview":"max-video-preview:-1"},"canonical":"https:\/\/www.montservis.com\/sk\/referencie\/","og_locale":"sk_SK","og_type":"article","og_title":"Referencie - MONT-SERVIS","og_url":"https:\/\/www.montservis.com\/sk\/referencie\/","og_site_name":"MONT-SERVIS","article_modified_time":"2019-04-05T09:09:49+00:00","og_image":[{"width":1200,"height":620,"url":"https:\/\/www.montservis.com\/wp-content\/uploads\/2019\/02\/montservis-og.jpg","type":"image\/jpeg"}],"twitter_misc":{"Predpokladan\u00fd \u010das \u010d\u00edtania":"8 min\u00fat"},"schema":{"@context":"https:\/\/schema.org","@graph":[{"@type":"WebPage","@id":"https:\/\/www.montservis.com\/sk\/referencie\/","url":"https:\/\/www.montservis.com\/sk\/referencie\/","name":"Referencie - MONT-SERVIS","isPartOf":{"@id":"https:\/\/www.montservis.com\/#website"},"datePublished":"2015-08-13T16:57:25+00:00","dateModified":"2019-04-05T09:09:49+00:00","breadcrumb":{"@id":"https:\/\/www.montservis.com\/sk\/referencie\/#breadcrumb"},"inLanguage":"sk-SK","potentialAction":[{"@type":"ReadAction","target":["https:\/\/www.montservis.com\/sk\/referencie\/"]}]},{"@type":"BreadcrumbList","@id":"https:\/\/www.montservis.com\/sk\/referencie\/#breadcrumb","itemListElement":[{"@type":"ListItem","position":1,"name":"Home","item":"https:\/\/www.montservis.com\/sk\/"},{"@type":"ListItem","position":2,"name":"Referencie"}]},{"@type":"WebSite","@id":"https:\/\/www.montservis.com\/#website","url":"https:\/\/www.montservis.com\/","name":"MONT-SERVIS","description":"Yes, it&#039;s all right!","potentialAction":[{"@type":"SearchAction","target":{"@type":"EntryPoint","urlTemplate":"https:\/\/www.montservis.com\/?s={search_term_string}"},"query-input":{"@type":"PropertyValueSpecification","valueRequired":true,"valueName":"search_term_string"}}],"inLanguage":"sk-SK"}]}},"_links":{"self":[{"href":"https:\/\/www.montservis.com\/sk\/wp-json\/wp\/v2\/pages\/3252","targetHints":{"allow":["GET"]}}],"collection":[{"href":"https:\/\/www.montservis.com\/sk\/wp-json\/wp\/v2\/pages"}],"about":[{"href":"https:\/\/www.montservis.com\/sk\/wp-json\/wp\/v2\/types\/page"}],"author":[{"embeddable":true,"href":"https:\/\/www.montservis.com\/sk\/wp-json\/wp\/v2\/users\/1"}],"replies":[{"embeddable":true,"href":"https:\/\/www.montservis.com\/sk\/wp-json\/wp\/v2\/comments?post=3252"}],"version-history":[{"count":36,"href":"https:\/\/www.montservis.com\/sk\/wp-json\/wp\/v2\/pages\/3252\/revisions"}],"predecessor-version":[{"id":3964,"href":"https:\/\/www.montservis.com\/sk\/wp-json\/wp\/v2\/pages\/3252\/revisions\/3964"}],"wp:attachment":[{"href":"https:\/\/www.montservis.com\/sk\/wp-json\/wp\/v2\/media?parent=3252"}],"curies":[{"name":"wp","href":"https:\/\/api.w.org\/{rel}","templated":true}]}}