{"id":3258,"date":"2015-08-13T18:58:56","date_gmt":"2015-08-13T16:58:56","guid":{"rendered":"http:\/\/www.montservis.com\/?page_id=3258"},"modified":"2021-05-11T15:46:21","modified_gmt":"2021-05-11T13:46:21","slug":"kontakt","status":"publish","type":"page","link":"https:\/\/www.montservis.com\/sk\/kontakt\/","title":{"rendered":"Kontakt"},"content":{"rendered":"<div class=\"av_gmaps_sc_main_wrap av_gmaps_main_wrap\"><div id='av_gmap_0' class='avia-google-map-container avia-google-map-sc av_gmaps_show_unconditionally av-no-fallback-img ' data-mapid='av_gmap_0'  style='height: 400px;'><a class=\"av_gmaps_browser_disabled av_text_confirm_link av_text_confirm_link_visible\" href=\"https:\/\/www.google.com\/maps\/search\/?api=1&#038;query=Mlynsk\u00e9%20luhy%2018%20%20Bratislava%20%20Slovensko\" target=\"_blank\">Maps were disabled by the visitor on this site.<\/a><\/div><\/div>\n<div id='sluzby-section1' class='avia-section main_color avia-section-large avia-no-border-styling avia-bg-style-scroll  avia-builder-el-1  el_after_av_google_map  el_before_av_section   container_wrap sidebar_right' style=' '  ><div class='container' ><div class='template-page content  av-content-small alpha units'><div class='post-entry post-entry-type-page post-entry-3258'><div class='entry-content-wrapper clearfix'>\n<section class=\"av_textblock_section \" ><div class='avia_textblock  av_inherit_color '  style='color:#005e94; ' ><h1>KONTAKT<\/h1>\n<\/div><\/section>\n<div style='height:50px' class='hr hr-invisible   avia-builder-el-3  el_after_av_textblock  el_before_av_one_third '><span class='hr-inner ' ><span class='hr-inner-style'><\/span><\/span><\/div>\n<div class=\"flex_column av_one_third  flex_column_div first  avia-builder-el-4  el_after_av_hr  el_before_av_one_third  \" ><section class=\"av_textblock_section \" ><div class='avia_textblock  av_inherit_color '  style='color:#125f95; ' ><p><strong>MONT-SERVIS s.r.o.<\/strong><br \/>\nMlynsk\u00e9 luhy 18<br \/>\n821 05 Bratislava<\/p>\n<\/div><\/section><\/div><div class=\"flex_column av_one_third  flex_column_div av-zero-column-padding   avia-builder-el-6  el_after_av_one_third  el_before_av_one_third  \" style='border-radius:0px; '><section class=\"av_textblock_section \" ><div class='avia_textblock  av_inherit_color '  style='color:#125f95; ' ><p>E-mail: <a href=\"mailto:montservis@montservis.sk\">montservis@montservis.sk<\/a><br \/>\nWeb: <a href=\"http:\/\/www.montservis.com\">www.montservis.com<\/a><\/p>\n<p>Konatelia:<br \/>\nDu\u0161an Bojkovsk\u00fd, R\u00f3bert Bojkovsk\u00fd<\/p>\n<\/div><\/section><\/div><div class=\"flex_column av_one_third  flex_column_div av-zero-column-padding   avia-builder-el-8  el_after_av_one_third  el_before_av_one_third  \" style='border-radius:0px; '><div class='avia-image-container avia_animated_image avia_animate_when_almost_visible pop-up av-styling-no-styling    avia-builder-el-9  avia-builder-el-no-sibling  avia-align-center '  ><div class='avia-image-container-inner'><div class='avia-image-overlay-wrap'><img class='avia_image' src='https:\/\/www.montservis.com\/wp-content\/uploads\/2015\/08\/sidlo2.jpg' alt='MONT-SERVIS' title='MONT-SERVIS' height=\"375\" width=\"500\"  \/><\/div><\/div><\/div><\/div><div class=\"flex_column av_one_third  flex_column_div av-zero-column-padding first  avia-builder-el-10  el_after_av_one_third  el_before_av_two_third  column-top-margin\" style='border-radius:0px; '><p><div class='avia-image-container avia_animated_image avia_animate_when_almost_visible pop-up av-styling-no-styling    avia-builder-el-11  el_before_av_textblock  avia-builder-el-first  avia-align-center '  ><div class='avia-image-container-inner'><div class='avia-image-overlay-wrap'><img class='avia_image' src='https:\/\/www.montservis.com\/wp-content\/uploads\/2015\/08\/montservis-qrcode-300.png' alt='MONT-SERVIS - QR vizitka' title='MONT-SERVIS - QR vizitka' height=\"300\" width=\"300\"  \/><\/div><\/div><\/div><br \/>\n<section class=\"av_textblock_section \" ><div class='avia_textblock  '  style='font-size:12px; ' ><p style=\"text-align: center;\">QR k\u00f3d s vizitkou<\/p>\n<\/div><\/section><\/p><\/div><div class=\"flex_column av_two_third  flex_column_div av-zero-column-padding   avia-builder-el-13  el_after_av_one_third  avia-builder-el-last  column-top-margin\" style='border-radius:0px; '><\/div><\/div><\/div><\/div><!-- close content main div --><\/div><\/div><div id='av_section_2' class='avia-section main_color avia-section-large avia-no-shadow avia-bg-style-scroll  avia-builder-el-14  el_after_av_section  avia-builder-el-last   container_wrap sidebar_right' style='background-color: #005b90;  '  ><div class='container' ><div class='template-page content  av-content-small alpha units'><div class='post-entry post-entry-type-page post-entry-3258'><div class='entry-content-wrapper clearfix'>\n<div class=\"flex_column av_one_third  flex_column_div av-zero-column-padding first  avia-builder-el-15  el_before_av_one_third  avia-builder-el-first  \" style='border-radius:0px; '><article class=\"iconbox iconbox_top av-no-box   avia-builder-el-16  avia-builder-el-no-sibling  \" ><div class=\"iconbox_content\"><header class=\"entry-content-header\"><a href='https:\/\/www.montservis.com\/sk\/sluzby\/' title='KOMPLEXN\u00c9 SLU\u017dBY'  class=\"iconbox_icon heading-color \" aria-hidden='true' data-av_icon='\ue856' data-av_iconfont='entypo-fontello'  style='background-color:#2976a6; border:1px solid #2976a6; color:#afc3db; ' ><\/a><h3 class='iconbox_content_title  '   style='color:#ffffff; '><a href='https:\/\/www.montservis.com\/sk\/sluzby\/' title='KOMPLEXN\u00c9 SLU\u017dBY' >KOMPLEXN\u00c9 SLU\u017dBY<\/a><\/h3><\/header><div class='iconbox_content_container av_inherit_color '   style='color:#ffffff; '><p>V\u00fdstavba telekomunika\u010dn\u00fdch siet\u00ed, sie\u0165ov\u00e9 technol\u00f3gie aj servis na \u0161pi\u010dkovej \u00farovni. V\u0161etko pre stabiln\u00e9 fungovanie va\u0161ich telekomunika\u010dn\u00fdch slu\u017eieb.<\/p>\n<\/div><\/div><footer class=\"entry-footer\"><\/footer><\/article><\/div><div class=\"flex_column av_one_third  flex_column_div av-zero-column-padding   avia-builder-el-17  el_after_av_one_third  el_before_av_one_third  \" style='border-radius:0px; '><article class=\"iconbox iconbox_top av-no-box   avia-builder-el-18  avia-builder-el-no-sibling  \" ><div class=\"iconbox_content\"><header class=\"entry-content-header\"><a href='https:\/\/www.montservis.com\/sk\/certifikaty\/' title='CERTIFIKOVAN\u00c1 KVALITA'  class=\"iconbox_icon heading-color \" aria-hidden='true' data-av_icon='\ue829' data-av_iconfont='entypo-fontello'  style='background-color:#2976a6; border:1px solid #2976a6; color:#afc3db; ' ><\/a><h3 class='iconbox_content_title  '   style='color:#ffffff; '><a href='https:\/\/www.montservis.com\/sk\/certifikaty\/' title='CERTIFIKOVAN\u00c1 KVALITA' >CERTIFIKOVAN\u00c1 KVALITA<\/a><\/h3><\/header><div class='iconbox_content_container av_inherit_color '   style='color:#ffffff; '><p>Od roku 2006 spolo\u010dnos\u0165\u00a0 zaviedla syst\u00e9m kvality pod\u013ea ISO 9001:2008 pre neust\u00e1le zvy\u0161ovanie kvality poskytovan\u00fdch slu\u017eieb.<\/p>\n<\/div><\/div><footer class=\"entry-footer\"><\/footer><\/article><\/div><div class=\"flex_column av_one_third  flex_column_div av-zero-column-padding   avia-builder-el-19  el_after_av_one_third  avia-builder-el-last  \" style='border-radius:0px; '><article class=\"iconbox iconbox_top av-no-box   avia-builder-el-20  avia-builder-el-no-sibling  \" ><div class=\"iconbox_content\"><header class=\"entry-content-header\"><a href='https:\/\/www.montservis.com\/sk\/o-firme\/' title='STABILITA'  class=\"iconbox_icon heading-color \" aria-hidden='true' data-av_icon='\ue8a8' data-av_iconfont='entypo-fontello'  style='background-color:#2976a6; border:1px solid #2976a6; color:#afc3db; ' ><\/a><h3 class='iconbox_content_title  '   style='color:#ffffff; '><a href='https:\/\/www.montservis.com\/sk\/o-firme\/' title='STABILITA' >STABILITA<\/a><\/h3><\/header><div class='iconbox_content_container av_inherit_color '   style='color:#ffffff; '><p>26 rokov na trhu.<\/p>\n<p>Stabiln\u00fd a vysokokvalifikovan\u00fd person\u00e1l.<\/p>\n<\/div><\/div><footer class=\"entry-footer\"><\/footer><\/article><\/div>\n<\/div><\/div><\/div><!-- close content main div --><\/div><\/div><div id='after_section_2' class='main_color av_default_container_wrap container_wrap sidebar_right' style=' '  ><div class='container' ><div class='template-page content  av-content-small alpha units'><div class='post-entry post-entry-type-page post-entry-3258'><div class='entry-content-wrapper clearfix'><\/p>\n","protected":false},"excerpt":{"rendered":"","protected":false},"author":1,"featured_media":0,"parent":0,"menu_order":0,"comment_status":"open","ping_status":"open","template":"","meta":{"footnotes":""},"class_list":["post-3258","page","type-page","status-publish","hentry"],"yoast_head":"<!-- This site is optimized with the Yoast SEO plugin v26.0 - https:\/\/yoast.com\/wordpress\/plugins\/seo\/ -->\n<title>Kontakt - MONT-SERVIS<\/title>\n<meta name=\"robots\" content=\"index, follow, max-snippet:-1, max-image-preview:large, max-video-preview:-1\" \/>\n<link rel=\"canonical\" href=\"https:\/\/www.montservis.com\/sk\/kontakt\/\" \/>\n<meta property=\"og:locale\" content=\"sk_SK\" \/>\n<meta property=\"og:type\" content=\"article\" \/>\n<meta property=\"og:title\" content=\"Kontakt - MONT-SERVIS\" \/>\n<meta property=\"og:url\" content=\"https:\/\/www.montservis.com\/sk\/kontakt\/\" \/>\n<meta property=\"og:site_name\" content=\"MONT-SERVIS\" \/>\n<meta property=\"article:modified_time\" content=\"2021-05-11T13:46:21+00:00\" \/>\n<meta property=\"og:image\" content=\"https:\/\/www.montservis.com\/wp-content\/uploads\/2019\/02\/montservis-og.jpg\" \/>\n\t<meta property=\"og:image:width\" content=\"1200\" \/>\n\t<meta property=\"og:image:height\" content=\"620\" \/>\n\t<meta property=\"og:image:type\" content=\"image\/jpeg\" \/>\n<meta name=\"twitter:label1\" content=\"Predpokladan\u00fd \u010das \u010d\u00edtania\" \/>\n\t<meta name=\"twitter:data1\" content=\"5 min\u00fat\" \/>\n<script type=\"application\/ld+json\" class=\"yoast-schema-graph\">{\"@context\":\"https:\/\/schema.org\",\"@graph\":[{\"@type\":\"WebPage\",\"@id\":\"https:\/\/www.montservis.com\/sk\/kontakt\/\",\"url\":\"https:\/\/www.montservis.com\/sk\/kontakt\/\",\"name\":\"Kontakt - MONT-SERVIS\",\"isPartOf\":{\"@id\":\"https:\/\/www.montservis.com\/#website\"},\"datePublished\":\"2015-08-13T16:58:56+00:00\",\"dateModified\":\"2021-05-11T13:46:21+00:00\",\"breadcrumb\":{\"@id\":\"https:\/\/www.montservis.com\/sk\/kontakt\/#breadcrumb\"},\"inLanguage\":\"sk-SK\",\"potentialAction\":[{\"@type\":\"ReadAction\",\"target\":[\"https:\/\/www.montservis.com\/sk\/kontakt\/\"]}]},{\"@type\":\"BreadcrumbList\",\"@id\":\"https:\/\/www.montservis.com\/sk\/kontakt\/#breadcrumb\",\"itemListElement\":[{\"@type\":\"ListItem\",\"position\":1,\"name\":\"Home\",\"item\":\"https:\/\/www.montservis.com\/sk\/\"},{\"@type\":\"ListItem\",\"position\":2,\"name\":\"Kontakt\"}]},{\"@type\":\"WebSite\",\"@id\":\"https:\/\/www.montservis.com\/#website\",\"url\":\"https:\/\/www.montservis.com\/\",\"name\":\"MONT-SERVIS\",\"description\":\"Yes, it&#039;s all right!\",\"potentialAction\":[{\"@type\":\"SearchAction\",\"target\":{\"@type\":\"EntryPoint\",\"urlTemplate\":\"https:\/\/www.montservis.com\/?s={search_term_string}\"},\"query-input\":{\"@type\":\"PropertyValueSpecification\",\"valueRequired\":true,\"valueName\":\"search_term_string\"}}],\"inLanguage\":\"sk-SK\"}]}<\/script>\n<!-- \/ Yoast SEO plugin. -->","yoast_head_json":{"title":"Kontakt - MONT-SERVIS","robots":{"index":"index","follow":"follow","max-snippet":"max-snippet:-1","max-image-preview":"max-image-preview:large","max-video-preview":"max-video-preview:-1"},"canonical":"https:\/\/www.montservis.com\/sk\/kontakt\/","og_locale":"sk_SK","og_type":"article","og_title":"Kontakt - MONT-SERVIS","og_url":"https:\/\/www.montservis.com\/sk\/kontakt\/","og_site_name":"MONT-SERVIS","article_modified_time":"2021-05-11T13:46:21+00:00","og_image":[{"width":1200,"height":620,"url":"https:\/\/www.montservis.com\/wp-content\/uploads\/2019\/02\/montservis-og.jpg","type":"image\/jpeg"}],"twitter_misc":{"Predpokladan\u00fd \u010das \u010d\u00edtania":"5 min\u00fat"},"schema":{"@context":"https:\/\/schema.org","@graph":[{"@type":"WebPage","@id":"https:\/\/www.montservis.com\/sk\/kontakt\/","url":"https:\/\/www.montservis.com\/sk\/kontakt\/","name":"Kontakt - MONT-SERVIS","isPartOf":{"@id":"https:\/\/www.montservis.com\/#website"},"datePublished":"2015-08-13T16:58:56+00:00","dateModified":"2021-05-11T13:46:21+00:00","breadcrumb":{"@id":"https:\/\/www.montservis.com\/sk\/kontakt\/#breadcrumb"},"inLanguage":"sk-SK","potentialAction":[{"@type":"ReadAction","target":["https:\/\/www.montservis.com\/sk\/kontakt\/"]}]},{"@type":"BreadcrumbList","@id":"https:\/\/www.montservis.com\/sk\/kontakt\/#breadcrumb","itemListElement":[{"@type":"ListItem","position":1,"name":"Home","item":"https:\/\/www.montservis.com\/sk\/"},{"@type":"ListItem","position":2,"name":"Kontakt"}]},{"@type":"WebSite","@id":"https:\/\/www.montservis.com\/#website","url":"https:\/\/www.montservis.com\/","name":"MONT-SERVIS","description":"Yes, it&#039;s all right!","potentialAction":[{"@type":"SearchAction","target":{"@type":"EntryPoint","urlTemplate":"https:\/\/www.montservis.com\/?s={search_term_string}"},"query-input":{"@type":"PropertyValueSpecification","valueRequired":true,"valueName":"search_term_string"}}],"inLanguage":"sk-SK"}]}},"_links":{"self":[{"href":"https:\/\/www.montservis.com\/sk\/wp-json\/wp\/v2\/pages\/3258","targetHints":{"allow":["GET"]}}],"collection":[{"href":"https:\/\/www.montservis.com\/sk\/wp-json\/wp\/v2\/pages"}],"about":[{"href":"https:\/\/www.montservis.com\/sk\/wp-json\/wp\/v2\/types\/page"}],"author":[{"embeddable":true,"href":"https:\/\/www.montservis.com\/sk\/wp-json\/wp\/v2\/users\/1"}],"replies":[{"embeddable":true,"href":"https:\/\/www.montservis.com\/sk\/wp-json\/wp\/v2\/comments?post=3258"}],"version-history":[{"count":48,"href":"https:\/\/www.montservis.com\/sk\/wp-json\/wp\/v2\/pages\/3258\/revisions"}],"predecessor-version":[{"id":4018,"href":"https:\/\/www.montservis.com\/sk\/wp-json\/wp\/v2\/pages\/3258\/revisions\/4018"}],"wp:attachment":[{"href":"https:\/\/www.montservis.com\/sk\/wp-json\/wp\/v2\/media?parent=3258"}],"curies":[{"name":"wp","href":"https:\/\/api.w.org\/{rel}","templated":true}]}}