{"id":3967,"date":"2019-04-10T11:30:47","date_gmt":"2019-04-10T09:30:47","guid":{"rendered":"https:\/\/www.montservis.com\/?page_id=3967"},"modified":"2019-04-10T11:40:08","modified_gmt":"2019-04-10T09:40:08","slug":"podmienky-pouzivania-a-cookies","status":"publish","type":"page","link":"https:\/\/www.montservis.com\/sk\/podmienky-pouzivania-a-cookies\/","title":{"rendered":"Podmienky pou\u017e\u00edvania webu a cookies"},"content":{"rendered":"<div class=\"flex_column av_one_full  flex_column_div av-zero-column-padding first  avia-builder-el-0  avia-builder-el-no-sibling  \" style='border-radius:0px; '><section class=\"av_textblock_section \" ><div class='avia_textblock  '  ><h1>Podmienky pou\u017e\u00edvania webu a cookies<\/h1>\n<h2>Podmienky pou\u017e\u00edvania webu<\/h2>\n<p>Nach\u00e1dzate sa na web str\u00e1nke spolo\u010dnosti MONT-SERVIS s.r.o. Vstupom na \u0148u, jej pou\u017e\u00edvan\u00edm a s\u0165ahovan\u00edm ak\u00fdchko\u013evek materi\u00e1lov z webovej str\u00e1nky s\u00fahlas\u00edte s dodr\u017eiavan\u00edm t\u00fdchto podmienok a ste nimi viazan\u00ed. Spolo\u010dnos\u0165 MONT-SERVIS s.r.o. si vyhradzuje pr\u00e1vo kedyko\u013evek a pod\u013ea vlastn\u00e9ho uv\u00e1\u017eenia meni\u0165 tieto podmienky.<\/p>\n<h3>1. Vlastn\u00edctvo<\/h3>\n<p>Potvrdzujete, \u017ee v\u0161etky materi\u00e1ly, pou\u017eit\u00e9 na tejto webovej str\u00e1nke, najm\u00e4 inform\u00e1cie, dokumenty, produkty, log\u00e1, grafiky, obr\u00e1zky a slu\u017eby poskytla spolo\u010dnos\u0165 MONT-SERVIS s.r.o. alebo \u0148ou poveren\u00ed autori, v\u00fdvojov\u00ed pracovn\u00edci a dod\u00e1vatelia tretej strany, pri\u010dom s\u00favisiace pr\u00e1va du\u0161evn\u00e9ho vlastn\u00edctva prisl\u00fachaj\u00fa spolo\u010dnosti MONT-SERVIS s.r.o. a\/alebo \u0148ou uveden\u00fdch subjektom. Jednotliv\u00e9 prvky webovej str\u00e1nky a uverejnen\u00e9 materi\u00e1ly s\u00fa chr\u00e1nen\u00e9 obchodnou \u00fapravou a in\u00fdmi z\u00e1konmi, a nesm\u00fa sa kop\u00edrova\u0165 ani imitova\u0165.Logo spolo\u010dnosti MONT-SERVIS s.r.o. je obchodnou zna\u010dkou spolo\u010dnosti MONT-SERVIS s.r.o. V\u0161etky \u010fal\u0161ie n\u00e1zvy produktov, men\u00e1 spolo\u010dnost\u00ed, zn\u00e1mky, log\u00e1 a symboly m\u00f4\u017eu by\u0165 ochrann\u00fdmi zn\u00e1mkami ich pr\u00edslu\u0161n\u00fdch vlastn\u00edkov.<\/p>\n<h3>2. Licencia<\/h3>\n<p>Spolo\u010dnos\u0165 MONT-SERVIS s.r.o.\u00a0 V\u00e1m t\u00fdmto ude\u013euje povolenie zobrazova\u0165, uklada\u0165 a s\u0165ahova\u0165 materi\u00e1ly na tejto webovej str\u00e1nke za predpokladu:<\/p>\n<ul>\n<li>\u017ee zobraz\u00edte pr\u00edslu\u0161n\u00e9 inform\u00e1cie o vlastn\u00edctve, poskytnut\u00e9 s materi\u00e1lmi;<\/li>\n<li>\u017ee s v\u00fdnimkou pr\u00edpadov, samostatne uveden\u00fdch v zmluve o poskytovan\u00ed slu\u017eieb medzi Vami a spolo\u010dnos\u0165ou MONT-SERVIS s.r.o., pou\u017e\u00edvanie materi\u00e1lov sl\u00fa\u017ei v\u00fdlu\u010dne na Va\u0161e osobn\u00e9, nekomer\u010dn\u00e9 a informa\u010dn\u00e9 \u00fa\u010dely a materi\u00e1ly nebudete pou\u017e\u00edva\u0165 za \u00fa\u010delom obchodn\u00e9ho zisku;<\/li>\n<li>\u017ee materi\u00e1ly nebud\u00fa \u017eiadnym sp\u00f4sobom upravovan\u00e9.<\/li>\n<\/ul>\n<p>Platnos\u0165 tohto povolenia kon\u010d\u00ed automaticky bez ozn\u00e1menia v pr\u00edpade, \u017ee poru\u0161\u00edte ak\u00fako\u013evek z t\u00fdchto podmienok. S v\u00fdnimkou toho, \u010do sa uv\u00e1dza v t\u00fdchto podmienkach, \u017eiadne z materi\u00e1lov sa nesm\u00fa kop\u00edrova\u0165, rozmno\u017eova\u0165, distribuova\u0165, op\u00e4tovne publikova\u0165, s\u0165ahova\u0165, zobrazova\u0165, uverej\u0148ova\u0165, pren\u00e1\u0161a\u0165 ani &#8222;odzrkad\u013eova\u0165&#8220; na inom serveri bez predch\u00e1dzaj\u00faceho v\u00fdslovn\u00e9ho p\u00edsomn\u00e9ho povolenia spolo\u010dnosti MONT-SERVIS s.r.o..<\/p>\n<p>Ak\u00e9ko\u013evek neopr\u00e1vnen\u00e9 pou\u017e\u00edvanie ak\u00fdchko\u013evek materi\u00e1lov, obsiahnut\u00fdch na tejto webovej str\u00e1nke, m\u00f4\u017ee poru\u0161i\u0165 z\u00e1kony o autorskom pr\u00e1ve, z\u00e1kony o ochrann\u00fdch zn\u00e1mkach, z\u00e1kony o ochrane s\u00fakromia a uverej\u0148ovan\u00ed, a predpisy a z\u00e1kony o komunik\u00e1cii.<\/p>\n<h3>3. Ukon\u010denie webovej str\u00e1nky<\/h3>\n<p>Spolo\u010dnos\u0165 MONT-SERVIS s.r.o. m\u00f4\u017ee kedyko\u013evek upravi\u0165 alebo preru\u0161i\u0165 poskytovanie tejto webovej str\u00e1nky alebo materi\u00e1lov, uveden\u00fdch na tejto webovej str\u00e1nke, a to aj bez ozn\u00e1menia. Spolo\u010dnos\u0165 MONT-SERVIS s.r.o. nenesie vo\u010di V\u00e1m ani \u017eiadnej tretej strane \u017eiadnu zodpovednos\u0165 v d\u00f4sledku takejto \u00fapravy alebo preru\u0161enia.<\/p>\n<h3>4. Monitorovanie<\/h3>\n<p>Spolo\u010dnos\u0165 MONT-SERVIS s.r.o.m\u00f4\u017ee monitorova\u0165 pr\u00edstup na t\u00fato webov\u00fa str\u00e1nku a z\u00edskava\u0165 inform\u00e1cie, ktor\u00e9 s\u00fa be\u017ene poskytovan\u00e9 zariadeniami pristupuj\u00facimi na \u0148u.<\/p>\n<h3>5. Obmedzenie zodpovednosti<\/h3>\n<p>V PR\u00cdPADE, \u017dE NIE STE SPOKOJN\u00cd S TOUTO WEBOVOU STR\u00c1NKOU, JEDIN\u00ddM VA\u0160IM OPRAVN\u00ddM PROSTRIEDKOM JE MO\u017dNOS\u0164 PRERU\u0160I\u0164 JEJ POU\u017d\u00cdVANIE. SPOLO\u010cNOS\u0164 MONT-SERVIS s.r.o. NEZODPOVED\u00c1 ZA \u017dIADNE \u0160KODY, KTOR\u00c9 UTRP\u00cdTE V D\u00d4SLEDKU POU\u017d\u00cdVANIA, \u00daPRAVY, DOLO\u017dENIA, KOP\u00cdROVANIA, DISTRIBUOVANIA ALEBO S\u0164AHOVANIA MATERI\u00c1LOV ALEBO POU\u017d\u00cdVANIA \u010cI NEMO\u017dNOSTI POU\u017d\u00cdVA\u0164 T\u00daTO WEBOV\u00da STR\u00c1NKU. SPOLO\u010cNOS\u0164 MONT-SERVIS s.r.o.\u00a0 V \u017dIADNOM PR\u00cdPADE NEZODPOVED\u00c1 ZA \u017dIADNE PRIAME, NEPRIAME, TRESTN\u00c9, MIMORIADNE, N\u00c1HODN\u00c9 ANI N\u00c1SLEDN\u00c9 \u0160KODY (NAJM\u00c4 STRATU Z\u00c1KAZKY, V\u00ddNOSOV, ZISKU, POU\u017d\u00cdVANIA, \u00daDAJOV ALEBO IN\u00ddCH EKONOMICK\u00ddCH V\u00ddHOD), VYPL\u00ddVAJ\u00daCE Z POU\u017d\u00cdVANIA ALEBO REALIZ\u00c1CIE INFORM\u00c1CI\u00cd DOSTUPN\u00ddCH NA TEJTO WEBOVEJ STR\u00c1NKE ALEBO V S\u00daVISLOSTI S NIMI, A TO I V PR\u00cdPADE, KEDY BOLA SPOLO\u010cNOS\u0164 MONT-SERVIS s.r.o. VOPRED POU\u010cEN\u00c1 O MO\u017dNOSTI VZNIKU TAKEJTO \u0160KODY.<\/p>\n<h2>Inform\u00e1cie o internetov\u00fdch udalostiach (log information), cookies a webov\u00fdch prezen\u010dn\u00fdch sign\u00e1loch (web beacons)<\/h2>\n<p>T\u00e1to Web str\u00e1nka zhroma\u017e\u010fuje \u0161tandardn\u00e9 inform\u00e1cie o internetov\u00fdch udalostiach (tzv. \u201elog information\u201c), vr\u00e1tane Va\u0161ej IP adresy, typu prehliada\u010da a jazyka, \u010dasu pr\u00edstupu, ako aj odkazuj\u00facej webovej adresy. Za \u00fa\u010delom zaistenia kvalitnej spr\u00e1vy tejto Webovej str\u00e1nky a u\u013eah\u010denia pokro\u010dilej navig\u00e1cie m\u00f4\u017eeme my alebo na\u0161i poskytovatelia slu\u017eieb pou\u017e\u00edva\u0165 taktie\u017e tzv. \u201ecookies\u201c (mal\u00e9 textov\u00e9 s\u00fabory ulo\u017een\u00e9 v prehliada\u010di u\u017e\u00edvate\u013ea) alebo webov\u00e9 prezen\u010dn\u00e9 sign\u00e1ly (elektronick\u00e9 obr\u00e1zky, ktor\u00e9 t\u00fdmto webov\u00fdm str\u00e1nkam umo\u017e\u0148uj\u00fa po\u010d\u00edta\u0165 n\u00e1v\u0161tevn\u00edkov, ktor\u00ed konkr\u00e9tnu str\u00e1nku otvorili, alebo spr\u00edstup\u0148uj\u00fa ur\u010dit\u00e9 s\u00fabory cookies) pre zber s\u00fahrnn\u00fdch \u00fadajov. Nezhroma\u017e\u010fujeme ani neuchov\u00e1vame \u017eiadne individu\u00e1lne (nes\u00fahrnn\u00e9) s\u00fabory cookies. M\u00e1me pr\u00edstup v\u00fdlu\u010dne k s\u00fahrnn\u00fdm \u00fadajom o cookies pre \u00fa\u010dely funk\u010dnosti tejto Web str\u00e1nky. \u010eal\u0161ie inform\u00e1cie o tom, ako vyu\u017e\u00edvame s\u00fabory cookies a \u010fal\u0161ie monitorovacie technol\u00f3gie a ako ich m\u00f4\u017eete ma\u0165 pod kontrolou, n\u00e1jdete ni\u017e\u0161ie v Ozn\u00e1men\u00ed o pou\u017e\u00edvan\u00ed s\u00faborov cookies.<\/p>\n<h2>Soci\u00e1lne m\u00e9di\u00e1<\/h2>\n<p>T\u00e1to Webov\u00e1 str\u00e1nka m\u00f4\u017ee obsahova\u0165 odkazy na aplik\u00e1cie soci\u00e1lnych m\u00e9di\u00ed alebo slu\u017eby, ktor\u00e9 V\u00e1m umo\u017enia zdie\u013ea\u0165 obsah s ostatn\u00fdmi u\u017e\u00edvate\u013emi (spolo\u010dne \u201eAplik\u00e1cie soci\u00e1lnych m\u00e9di\u00ed\u201c). Ak\u00e9ko\u013evek osobn\u00e9 alebo in\u00e9 \u00fadaje, ktor\u00e9 vlo\u017e\u00edte do akejko\u013evek Aplik\u00e1cie soci\u00e1lnych m\u00e9di\u00ed, m\u00f4\u017eu in\u00ed u\u017e\u00edvatelia Aplik\u00e1cie soci\u00e1lnych m\u00e9di\u00ed \u010d\u00edta\u0165, zhroma\u017e\u010fova\u0165 a pou\u017e\u00edva\u0165, pri\u010dom nad t\u00fdmito in\u00fdmi u\u017e\u00edvate\u013emi m\u00e1me len mal\u00fa alebo \u017eiadnu kontrolu. Z t\u00fdchto d\u00f4vodov nenesieme \u017eiadnu zodpovednos\u0165 za ak\u00e9ko\u013evek pou\u017eitie, zneu\u017eitie alebo in\u00e9 neopr\u00e1vnen\u00e9 nakladanie s ak\u00fdmiko\u013evek osobn\u00fdmi \u00fadajmi alebo in\u00fdmi inform\u00e1ciami, ktor\u00e9 vlo\u017e\u00edte do akejko\u013evek Aplik\u00e1cie soci\u00e1lnych m\u00e9di\u00ed, zo strany ostatn\u00fdch u\u017e\u00edvate\u013eov.<\/p>\n<h3>Tla\u010didl\u00e1 soci\u00e1lnych siet\u00ed<\/h3>\n<p>Pou\u017e\u00edvame taktie\u017e tla\u010didl\u00e1 soci\u00e1lnych siet\u00ed, ktor\u00e9 u\u017e\u00edvate\u013eom umo\u017e\u0148uj\u00fa webov\u00e9 str\u00e1nky zdie\u013ea\u0165 alebo ich uklada\u0165 do z\u00e1lo\u017eiek. Jedn\u00e1 sa o tla\u010didl\u00e1, ktor\u00e9 odkazuj\u00fa na str\u00e1nky soci\u00e1lnych siet\u00ed prev\u00e1dzkovan\u00e9 tret\u00edmi stranami, ktor\u00e9 m\u00f4\u017eu na\u010d\u00edta\u0165 \u00fadaje o Va\u0161ich aktivit\u00e1ch na internete vr\u00e1tane tejto Webovej str\u00e1nky. Pre\u010d\u00edtajte si pros\u00edm podmienky pou\u017e\u00edvania t\u00fdchto internetov\u00fdch str\u00e1nok, aby ste presne porozumeli tomu, ako tieto str\u00e1nky Va\u0161e \u00fadaje vyu\u017e\u00edvaj\u00fa a zistili, ako m\u00f4\u017eete zamedzi\u0165 ukladaniu t\u00fdchto \u00fadajov alebo ako ich m\u00f4\u017eete vymaza\u0165.<\/p>\n<ul>\n<li>Facebook: <a href=\"https:\/\/www.facebook.com\/privacy\/explanation\">https:\/\/www.facebook.com\/privacy\/explanation<\/a><\/li>\n<li>Twitter: <a href=\"https:\/\/twitter.com\/en\/privacy\">https:\/\/twitter.com\/en\/privacy<\/a><\/li>\n<li>G+: <a href=\"https:\/\/policies.google.com\/privacy\">https:\/\/policies.google.com\/privacy<\/a><\/li>\n<li>Pinterest: <a href=\"https:\/\/policy.pinterest.com\/sk\/privacy-policy\">https:\/\/policy.pinterest.com\/sk\/privacy-policy<\/a><\/li>\n<li>Instagram: <a href=\"https:\/\/help.instagram.com\/155833707900388\">https:\/\/help.instagram.com\/155833707900388<\/a><\/li>\n<\/ul>\n<h2>Ozn\u00e1menie o pou\u017e\u00edvan\u00ed s\u00faborov cookies<\/h2>\n<p>Aby sme V\u00e1m mohli poskytn\u00fa\u0165 pr\u00edstup k tejto Webovej str\u00e1nke a slu\u017eby prisp\u00f4soben\u00e9 Va\u0161im potreb\u00e1m, potrebujeme pozna\u0165 a uchov\u00e1va\u0165 inform\u00e1cie o tom, ak\u00fdm sp\u00f4sobom pou\u017e\u00edvate t\u00fato Webov\u00fa str\u00e1nku.<\/p>\n<p>To dosiahneme pomocou mal\u00fdch textov\u00fdch s\u00faborov, tzv. cookies. Cookies obsahuj\u00fa mal\u00e9 mno\u017estvo inform\u00e1ci\u00ed a s\u00fa s\u0165ahovan\u00e9 prostredn\u00edctvom serveru tejto Webovej str\u00e1nky do V\u00e1\u0161ho po\u010d\u00edta\u010da alebo in\u00e9ho zariadenia. V\u00e1\u0161 internetov\u00fd prehliada\u010d potom za\u0161le s\u00fabory cookies sp\u00e4\u0165 tejto Webovej str\u00e1nke pri ka\u017edej \u010fal\u0161ej n\u00e1v\u0161teve, v\u010faka \u010domu V\u00e1s t\u00e1to Webov\u00e1 str\u00e1nka rozpozn\u00e1 a n\u00e1jde inform\u00e1cie napr. o va\u0161ich u\u017e\u00edvate\u013esk\u00fdch preferenci\u00e1ch (nav\u0161t\u00edven\u00e9 str\u00e1nky, kliknutia, hist\u00f3ria aktiv\u00edt, stav n\u00e1kupn\u00e9ho ko\u0161\u00edka, stav prihl\u00e1senia do pou\u017e\u00edvate\u013esk\u00e9ho \u00fa\u010dtu a pod.). Podrobn\u00e9 inform\u00e1cie o s\u00faboroch cookies a ich fungovan\u00ed n\u00e1jdete na <a href=\"http:\/\/www.aboutcookies.org\">www.aboutcookies.org<\/a>.<\/p>\n<p>Kedyko\u013evek nav\u0161t\u00edvite t\u00fato Webov\u00fa str\u00e1nku, m\u00f4\u017ee doch\u00e1dza\u0165 ku zhroma\u017e\u010fovaniu inform\u00e1ci\u00ed prostredn\u00edctvom s\u00faborov cookies alebo in\u00fdch technol\u00f3gi\u00ed (inform\u00e1cie o jazyku, zemi a predt\u00fdm nav\u0161t\u00edven\u00fdch str\u00e1nkach). Z\u00edskan\u00e9 s\u00fabory cookies s\u00fa vyu\u017e\u00edvan\u00e9 len vo ve\u013emi obmedzenom rozsahu, ktor\u00fd je nevyhnutn\u00fd pre technick\u00e9 \u00fa\u010dely (funk\u010dnos\u0165 Webovej str\u00e1nky), a s\u00fa uchov\u00e1van\u00e9 po dobu 5 rokov v s\u00falade s medzin\u00e1rodn\u00fdmi \u0161tandardami NAI \u2013 <a href=\"http:\/\/www.networkadvertising.org\">www.networkadvertising.org<\/a>. Tieto inform\u00e1cie nie je mo\u017en\u00e9 prepoji\u0165 so \u017eiadnou konkr\u00e9tnou osobou. N\u00e1v\u0161tevou tejto Webovej str\u00e1nky s\u00fahlas\u00edte s pou\u017e\u00edvan\u00edm s\u00faborov cookies v rozsahu uvedenom v tomto Ozn\u00e1men\u00ed o pou\u017e\u00edvan\u00ed s\u00faborov cookies.<\/p>\n<h3>Ak\u00e9 s\u00fabory cookies pou\u017e\u00edvame a pre\u010do?<\/h3>\n<p>Niektor\u00e9 s\u00fabory cookies, ktor\u00e9 pou\u017e\u00edvame, s\u00fa nevyhnutn\u00e9 na to, aby ste mohli t\u00fato Webov\u00fa str\u00e1nku prezera\u0165 a vyu\u017e\u00edva\u0165 jej funkcie, ako napr\u00edklad pr\u00edstup do zabezpe\u010den\u00fdch oblast\u00ed, ktor\u00e9 m\u00f4\u017eu obsahova\u0165 inform\u00e1cie pre registrovan\u00fdch u\u017e\u00edvate\u013eov (tzv. \u201enevyhnutn\u00e9 cookies\u201c).<\/p>\n<p>Pou\u017e\u00edvame taktie\u017e tzv. \u201efunk\u010dn\u00e9 cookies\u201c uchov\u00e1vaj\u00face inform\u00e1cie, ktor\u00e9 umo\u017e\u0148uj\u00fa prisp\u00f4sobi\u0165 str\u00e1nku na\u0161im u\u017e\u00edvate\u013eom; napr\u00edklad ulo\u017ei\u0165 V\u00e1\u0161 jazyk alebo Va\u0161u geografick\u00fa polohu \u010di fakt, \u017ee ste u\u017e vyplnili n\u00e1\u0161 formul\u00e1r. Tieto inform\u00e1cie s\u00fa vyu\u017e\u00edvan\u00e9 pre ve\u013emi obmedzen\u00fd \u00fa\u010del a s\u00fa uchov\u00e1van\u00e9 po obmedzen\u00fa dobu. V\u0161etky tieto \u00fadaje s\u00fa celkom anonymn\u00e9 a nie s\u00fa pou\u017e\u00edvan\u00e9 k in\u00fdm \u00fa\u010delom.<\/p>\n<p>Ako my, tak aj poskytovatelia na\u0161ich slu\u017eieb rovnako pou\u017e\u00edvame analytick\u00e9 slu\u017eby, ktor\u00e9 n\u00e1m pom\u00e1haj\u00fa zisti\u0165 do akej miery je obsah na\u0161ich Webov\u00fdch str\u00e1nok efekt\u00edvny, \u010do zauj\u00edma na\u0161ich u\u017e\u00edvate\u013eov, a ako zlep\u0161i\u0165 fungovanie tejto Webovej str\u00e1nky. Okrem toho vyu\u017e\u00edvame tzv. \u201eweb beacons\u201c, zn\u00e1me ako pixelov\u00e9 tagy k po\u010d\u00edtaniu n\u00e1v\u0161tev na\u0161ich Webov\u00fdch str\u00e1nok, a \u010falej tzv. \u201ev\u00fdkonov\u00e9 cookies\u201c, ktor\u00e9 monitoruj\u00fa, ko\u013eko unik\u00e1tnych u\u017e\u00edvate\u013eov t\u00fato Webov\u00fa str\u00e1nku nav\u0161tevuje a ako \u010dasto. Tieto \u00fadaje pou\u017e\u00edvame v\u00fdhradne pre \u0161tatistick\u00e9 \u00fa\u010dely a na\u0161im cie\u013eom nie je pou\u017e\u00edva\u0165 tieto inform\u00e1cie k identifik\u00e1ci\u00ed konkr\u00e9tnych u\u017e\u00edvate\u013eov.<\/p>\n<p>Pokia\u013e chcete z\u00edska\u0165 podrobnej\u0161ie inform\u00e1cie o s\u00faboroch cookies, ktor\u00e9 pou\u017e\u00edvame, nap\u00ed\u0161te n\u00e1m na uveden\u00fd kontaktn\u00fd e-mail.<\/p>\n<h3>Ako m\u00f4\u017eete kontrolova\u0165 s\u00fabory cookies?<\/h3>\n<p>N\u00e1v\u0161tevou tejto Webovej str\u00e1nku s\u00fahlas\u00edte s t\u00fdm, \u017ee m\u00f4\u017eeme do V\u00e1\u0161ho po\u010d\u00edta\u010da alebo zariadenia umiestni\u0165 s\u00fabory cookies, tak ako je vysvetlen\u00e9 vy\u0161\u0161ie. Tieto s\u00fabory v\u0161ak m\u00f4\u017eete kontrolova\u0165 a spravova\u0165 nieko\u013ek\u00fdmi sp\u00f4sobmi. Majte pros\u00edm na pam\u00e4ti, \u017ee odstr\u00e1nenie alebo blokovanie s\u00faborov cookies m\u00f4\u017ee ovplyvni\u0165 Va\u0161u u\u017e\u00edvate\u013esk\u00fa sk\u00fasenos\u0165 a je mo\u017en\u00e9, \u017ee nebudete ma\u0165 \u00fapln\u00fd pr\u00edstup k niektor\u00fdm oblastiam tejto Webovej str\u00e1nky.<\/p>\n<h3>Kontrola pomocou internetov\u00fdch prehliada\u010dov<\/h3>\n<p>V\u00e4\u010d\u0161ina internetov\u00fdch prehliada\u010dov V\u00e1m umo\u017en\u00ed kontrolova\u0165, ak\u00e9 s\u00fabory cookies m\u00e1te ulo\u017een\u00e9, jednotliv\u00e9 s\u00fabory cookies vymaza\u0165 alebo uklada\u0165 s\u00fabory cookies z ur\u010dit\u00fdch alebo v\u0161etk\u00fdch webov\u00fdch str\u00e1nok. Vezmite pros\u00edm na vedomie, \u017ee pokia\u013e v\u0161etky s\u00fabory cookies odstr\u00e1nite, v\u0161etky Va\u0161e osobn\u00e9 nastavenia bud\u00fa straten\u00e9, a to vr\u00e1tane preferenci\u00ed zakazuj\u00facich pou\u017e\u00edvanie s\u00faborov cookies, preto\u017ee aj t\u00e1to vo\u013eba vy\u017eaduje nastavenie tzv. \u201eopt-out cookies\u201c. Viac inform\u00e1ci\u00ed o tom, ako m\u00f4\u017eete nastavi\u0165 svoj internetov\u00fd prehliada\u010d tak, aby boli s\u00fabory cookies blokovan\u00e9 alebo filtrovan\u00e9, n\u00e1jdete na <a href=\"http:\/\/www.cookiecentral.com\/faq\">www.cookiecentral.com\/faq<\/a> alebo na <a href=\"http:\/\/www.aboutcookies.org\">www.aboutcookies.org<\/a>.<\/p>\n<h3>Nastavenie tzv. \u201eanalytick\u00fdch cookies\u201c<\/h3>\n<p>M\u00f4\u017eete tie\u017e zamedzi\u0165 tomu, aby Va\u0161e anonymn\u00e9 prehliadanie internetov\u00fdch str\u00e1nok bolo ukladan\u00e9 do analytick\u00fdch s\u00faborov cookies. Vezmite pros\u00edm na vedomie, \u017ee vyu\u017e\u00edvame slu\u017eby poskytovate\u013eov analytick\u00fdch cookies uveden\u00fdch ni\u017e\u0161ie. Viac inform\u00e1ci\u00ed o z\u00e1sad\u00e1ch ochrany osobn\u00fdch \u00fadajov t\u00fdmito poskytovate\u013emi a mo\u017enostiach z\u00e1kazu pou\u017e\u00edvania ich cookies m\u00f4\u017eete z\u00edska\u0165 na nasleduj\u00facich odkazoch:<\/p>\n<ul>\n<li>Google Analytics: <a href=\"http:\/\/www.google.com\/analytics\/learn\/privacy.html\">www.google.com\/analytics\/learn\/privacy.html<\/a><\/li>\n<li>Facebook: <a href=\"https:\/\/www.facebook.com\/privacy\/explanation\">https:\/\/www.facebook.com\/privacy\/explanation<\/a><\/li>\n<li>Twitter: <a href=\"https:\/\/twitter.com\/en\/privacy\">https:\/\/twitter.com\/en\/privacy<\/a><\/li>\n<li>G+: <a href=\"https:\/\/policies.google.com\/privacy\">https:\/\/policies.google.com\/privacy<\/a><\/li>\n<li>Pinterest: <a href=\"https:\/\/policy.pinterest.com\/sk\/privacy-policy\">https:\/\/policy.pinterest.com\/sk\/privacy-policy<\/a><\/li>\n<li>Instagram: <a href=\"https:\/\/help.instagram.com\/155833707900388\">https:\/\/help.instagram.com\/155833707900388<\/a><\/li>\n<\/ul>\n<h3>Extern\u00e9 webov\u00e9 slu\u017eby<\/h3>\n<p>Za \u00fa\u010delom zobrazenia obsahu tejto Webovej str\u00e1nky, napr\u00edklad za \u00fa\u010delom zobrazenia obr\u00e1zkov alebo vide\u00ed, niekedy pou\u017e\u00edvame extern\u00e9 webov\u00e9 slu\u017eby. Rovnako ako v pr\u00edpade tla\u010didiel soci\u00e1lnych siet\u00ed nie sme schopn\u00ed t\u00fdmto extern\u00fdm str\u00e1nkam alebo dom\u00e9nam zabr\u00e1ni\u0165, aby zhroma\u017e\u010fovali \u00fadaje o tom, ako vyu\u017e\u00edvate obsah vlo\u017een\u00fd na na\u0161e Webov\u00e9 str\u00e1nky.<\/p>\n<h2>S\u00favisiace pr\u00e1vne predpisy<\/h2>\n<ul>\n<li>Nariadenie Eur\u00f3pskeho parlamentu a Rady E\u00da \u010d. 2016\/679 o ochrane fyzick\u00fdch os\u00f4b pri sprac\u00favan\u00ed osobn\u00fdch \u00fadajov a vo\u013enom pohybe tak\u00fdchto \u00fadajov<br \/>\n(<a href=\"https:\/\/dataprotection.gov.sk\/uoou\/sites\/default\/files\/nariadenie_2016_679_text_sk.pdf\">https:\/\/dataprotection.gov.sk\/uoou\/sites\/default\/files\/nariadenie_2016_679_text_sk.pdf<\/a>)<\/li>\n<li>Z\u00e1kon 18\/2018 o ochrane osobn\u00fdch \u00fadajov<br \/>\n(<a href=\"http:\/\/www.zakonypreludi.sk\/zz\/2018-18\">http:\/\/www.zakonypreludi.sk\/zz\/2018-18<\/a>)<\/li>\n<li>ostatn\u00e9 aplikovate\u013en\u00e9 v\u0161eobecne z\u00e1v\u00e4zn\u00e9 pr\u00e1vne predpisy<\/li>\n<\/ul>\n<p>V Bratislave d\u0148a 20.5.2018.<\/p>\n<\/div><\/section><\/div>\n","protected":false},"excerpt":{"rendered":"","protected":false},"author":4,"featured_media":0,"parent":0,"menu_order":0,"comment_status":"closed","ping_status":"closed","template":"","meta":{"footnotes":""},"class_list":["post-3967","page","type-page","status-publish","hentry"],"yoast_head":"<!-- This site is optimized with the Yoast SEO plugin v26.0 - https:\/\/yoast.com\/wordpress\/plugins\/seo\/ -->\n<title>Podmienky pou\u017e\u00edvania webu a cookies - MONT-SERVIS<\/title>\n<meta name=\"robots\" content=\"index, follow, max-snippet:-1, max-image-preview:large, max-video-preview:-1\" \/>\n<link rel=\"canonical\" href=\"https:\/\/www.montservis.com\/sk\/podmienky-pouzivania-a-cookies\/\" \/>\n<meta property=\"og:locale\" content=\"sk_SK\" \/>\n<meta property=\"og:type\" content=\"article\" \/>\n<meta property=\"og:title\" content=\"Podmienky pou\u017e\u00edvania webu a cookies - MONT-SERVIS\" \/>\n<meta property=\"og:url\" content=\"https:\/\/www.montservis.com\/sk\/podmienky-pouzivania-a-cookies\/\" \/>\n<meta property=\"og:site_name\" content=\"MONT-SERVIS\" \/>\n<meta property=\"article:modified_time\" content=\"2019-04-10T09:40:08+00:00\" \/>\n<meta property=\"og:image\" content=\"https:\/\/www.montservis.com\/wp-content\/uploads\/2019\/02\/montservis-og.jpg\" \/>\n\t<meta property=\"og:image:width\" content=\"1200\" \/>\n\t<meta property=\"og:image:height\" content=\"620\" \/>\n\t<meta property=\"og:image:type\" content=\"image\/jpeg\" \/>\n<meta name=\"twitter:label1\" content=\"Predpokladan\u00fd \u010das \u010d\u00edtania\" \/>\n\t<meta name=\"twitter:data1\" content=\"12 min\u00fat\" \/>\n<script type=\"application\/ld+json\" class=\"yoast-schema-graph\">{\"@context\":\"https:\/\/schema.org\",\"@graph\":[{\"@type\":\"WebPage\",\"@id\":\"https:\/\/www.montservis.com\/sk\/podmienky-pouzivania-a-cookies\/\",\"url\":\"https:\/\/www.montservis.com\/sk\/podmienky-pouzivania-a-cookies\/\",\"name\":\"Podmienky pou\u017e\u00edvania webu a cookies - MONT-SERVIS\",\"isPartOf\":{\"@id\":\"https:\/\/www.montservis.com\/#website\"},\"datePublished\":\"2019-04-10T09:30:47+00:00\",\"dateModified\":\"2019-04-10T09:40:08+00:00\",\"breadcrumb\":{\"@id\":\"https:\/\/www.montservis.com\/sk\/podmienky-pouzivania-a-cookies\/#breadcrumb\"},\"inLanguage\":\"sk-SK\",\"potentialAction\":[{\"@type\":\"ReadAction\",\"target\":[\"https:\/\/www.montservis.com\/sk\/podmienky-pouzivania-a-cookies\/\"]}]},{\"@type\":\"BreadcrumbList\",\"@id\":\"https:\/\/www.montservis.com\/sk\/podmienky-pouzivania-a-cookies\/#breadcrumb\",\"itemListElement\":[{\"@type\":\"ListItem\",\"position\":1,\"name\":\"Home\",\"item\":\"https:\/\/www.montservis.com\/sk\/\"},{\"@type\":\"ListItem\",\"position\":2,\"name\":\"Podmienky pou\u017e\u00edvania webu a cookies\"}]},{\"@type\":\"WebSite\",\"@id\":\"https:\/\/www.montservis.com\/#website\",\"url\":\"https:\/\/www.montservis.com\/\",\"name\":\"MONT-SERVIS\",\"description\":\"Yes, it&#039;s all right!\",\"potentialAction\":[{\"@type\":\"SearchAction\",\"target\":{\"@type\":\"EntryPoint\",\"urlTemplate\":\"https:\/\/www.montservis.com\/?s={search_term_string}\"},\"query-input\":{\"@type\":\"PropertyValueSpecification\",\"valueRequired\":true,\"valueName\":\"search_term_string\"}}],\"inLanguage\":\"sk-SK\"}]}<\/script>\n<!-- \/ Yoast SEO plugin. -->","yoast_head_json":{"title":"Podmienky pou\u017e\u00edvania webu a cookies - MONT-SERVIS","robots":{"index":"index","follow":"follow","max-snippet":"max-snippet:-1","max-image-preview":"max-image-preview:large","max-video-preview":"max-video-preview:-1"},"canonical":"https:\/\/www.montservis.com\/sk\/podmienky-pouzivania-a-cookies\/","og_locale":"sk_SK","og_type":"article","og_title":"Podmienky pou\u017e\u00edvania webu a cookies - MONT-SERVIS","og_url":"https:\/\/www.montservis.com\/sk\/podmienky-pouzivania-a-cookies\/","og_site_name":"MONT-SERVIS","article_modified_time":"2019-04-10T09:40:08+00:00","og_image":[{"width":1200,"height":620,"url":"https:\/\/www.montservis.com\/wp-content\/uploads\/2019\/02\/montservis-og.jpg","type":"image\/jpeg"}],"twitter_misc":{"Predpokladan\u00fd \u010das \u010d\u00edtania":"12 min\u00fat"},"schema":{"@context":"https:\/\/schema.org","@graph":[{"@type":"WebPage","@id":"https:\/\/www.montservis.com\/sk\/podmienky-pouzivania-a-cookies\/","url":"https:\/\/www.montservis.com\/sk\/podmienky-pouzivania-a-cookies\/","name":"Podmienky pou\u017e\u00edvania webu a cookies - MONT-SERVIS","isPartOf":{"@id":"https:\/\/www.montservis.com\/#website"},"datePublished":"2019-04-10T09:30:47+00:00","dateModified":"2019-04-10T09:40:08+00:00","breadcrumb":{"@id":"https:\/\/www.montservis.com\/sk\/podmienky-pouzivania-a-cookies\/#breadcrumb"},"inLanguage":"sk-SK","potentialAction":[{"@type":"ReadAction","target":["https:\/\/www.montservis.com\/sk\/podmienky-pouzivania-a-cookies\/"]}]},{"@type":"BreadcrumbList","@id":"https:\/\/www.montservis.com\/sk\/podmienky-pouzivania-a-cookies\/#breadcrumb","itemListElement":[{"@type":"ListItem","position":1,"name":"Home","item":"https:\/\/www.montservis.com\/sk\/"},{"@type":"ListItem","position":2,"name":"Podmienky pou\u017e\u00edvania webu a cookies"}]},{"@type":"WebSite","@id":"https:\/\/www.montservis.com\/#website","url":"https:\/\/www.montservis.com\/","name":"MONT-SERVIS","description":"Yes, it&#039;s all right!","potentialAction":[{"@type":"SearchAction","target":{"@type":"EntryPoint","urlTemplate":"https:\/\/www.montservis.com\/?s={search_term_string}"},"query-input":{"@type":"PropertyValueSpecification","valueRequired":true,"valueName":"search_term_string"}}],"inLanguage":"sk-SK"}]}},"_links":{"self":[{"href":"https:\/\/www.montservis.com\/sk\/wp-json\/wp\/v2\/pages\/3967","targetHints":{"allow":["GET"]}}],"collection":[{"href":"https:\/\/www.montservis.com\/sk\/wp-json\/wp\/v2\/pages"}],"about":[{"href":"https:\/\/www.montservis.com\/sk\/wp-json\/wp\/v2\/types\/page"}],"author":[{"embeddable":true,"href":"https:\/\/www.montservis.com\/sk\/wp-json\/wp\/v2\/users\/4"}],"replies":[{"embeddable":true,"href":"https:\/\/www.montservis.com\/sk\/wp-json\/wp\/v2\/comments?post=3967"}],"version-history":[{"count":4,"href":"https:\/\/www.montservis.com\/sk\/wp-json\/wp\/v2\/pages\/3967\/revisions"}],"predecessor-version":[{"id":4024,"href":"https:\/\/www.montservis.com\/sk\/wp-json\/wp\/v2\/pages\/3967\/revisions\/4024"}],"wp:attachment":[{"href":"https:\/\/www.montservis.com\/sk\/wp-json\/wp\/v2\/media?parent=3967"}],"curies":[{"name":"wp","href":"https:\/\/api.w.org\/{rel}","templated":true}]}}